{"id":1838,"date":"2025-05-14T10:50:18","date_gmt":"2025-05-14T08:50:18","guid":{"rendered":"https:\/\/www.lexika.at\/nasi-jezici\/"},"modified":"2025-07-24T12:03:51","modified_gmt":"2025-07-24T10:03:51","slug":"nasi-jezici","status":"publish","type":"page","link":"https:\/\/www.lexika.at\/sr\/nasi-jezici\/","title":{"rendered":"Na\u0161i jezici"},"content":{"rendered":"\t\t<div data-elementor-type=\"wp-page\" data-elementor-id=\"1838\" class=\"elementor elementor-1838 elementor-35\" data-elementor-post-type=\"page\">\n\t\t\t\t\t\t<section class=\"elementor-section elementor-top-section elementor-element elementor-element-34621328 elementor-section-full_width elementor-section-height-default elementor-section-height-default\" data-id=\"34621328\" data-element_type=\"section\" data-e-type=\"section\" data-settings=\"{&quot;sticky&quot;:&quot;top&quot;,&quot;sticky_offset&quot;:30,&quot;sticky_on&quot;:[&quot;desktop&quot;,&quot;tablet&quot;,&quot;mobile&quot;],&quot;sticky_effects_offset&quot;:0,&quot;sticky_anchor_link_offset&quot;:0}\">\n\t\t\t\t\t\t<div class=\"elementor-container elementor-column-gap-default\">\n\t\t\t\t\t<div class=\"elementor-column elementor-col-100 elementor-top-column elementor-element elementor-element-7e9ef40f\" data-id=\"7e9ef40f\" data-element_type=\"column\" data-e-type=\"column\" data-settings=\"{&quot;background_background&quot;:&quot;classic&quot;}\">\n\t\t\t<div class=\"elementor-widget-wrap elementor-element-populated\">\n\t\t\t\t\t\t<div class=\"elementor-element elementor-element-49cdd4e7 elementor-widget elementor-widget-shortcode\" data-id=\"49cdd4e7\" data-element_type=\"widget\" data-e-type=\"widget\" data-widget_type=\"shortcode.default\">\n\t\t\t\t<div class=\"elementor-widget-container\">\n\t\t\t\t\t\t\t<div class=\"elementor-shortcode\">\t\t<div data-elementor-type=\"section\" data-elementor-id=\"428\" class=\"elementor elementor-428\" data-elementor-post-type=\"elementor_library\">\n\t\t\t\t\t<section class=\"elementor-section elementor-top-section elementor-element elementor-element-1ac840da elementor-section-full_width elementor-section-height-default elementor-section-height-default\" data-id=\"1ac840da\" data-element_type=\"section\" data-e-type=\"section\" data-settings=\"{&quot;background_background&quot;:&quot;classic&quot;,&quot;sticky&quot;:&quot;top&quot;,&quot;sticky_on&quot;:[&quot;desktop&quot;,&quot;tablet&quot;,&quot;mobile&quot;],&quot;sticky_offset&quot;:0,&quot;sticky_effects_offset&quot;:0,&quot;sticky_anchor_link_offset&quot;:0}\">\n\t\t\t\t\t\t<div class=\"elementor-container elementor-column-gap-default\">\n\t\t\t\t\t<div class=\"elementor-column elementor-col-100 elementor-top-column elementor-element elementor-element-6d8f439e\" data-id=\"6d8f439e\" data-element_type=\"column\" data-e-type=\"column\" data-settings=\"{&quot;background_background&quot;:&quot;classic&quot;}\">\n\t\t\t<div class=\"elementor-widget-wrap elementor-element-populated\">\n\t\t\t\t\t\t<div class=\"elementor-element elementor-element-b29550c elementor-widget elementor-widget-shortcode\" data-id=\"b29550c\" data-element_type=\"widget\" data-e-type=\"widget\" data-widget_type=\"shortcode.default\">\n\t\t\t\t<div class=\"elementor-widget-container\">\n\t\t\t\t\t\t\t<div class=\"elementor-shortcode\">\n<div\n\t role=\"navigation\" aria-label=\"Language Switcher\" class=\"wpml-ls-statics-shortcode_actions wpml-ls wpml-ls-legacy-dropdown js-wpml-ls-legacy-dropdown\">\n\t<ul>\n\t\t<li class=\"wpml-ls-slot-shortcode_actions wpml-ls-item wpml-ls-item-sr wpml-ls-current-language wpml-ls-item-legacy-dropdown\">\n\t\t\t<a href=\"#\" hreflang=\"\" lang=\"\" class=\"js-wpml-ls-item-toggle wpml-ls-item-toggle\" aria-current=\"page\" aria-expanded=\"false\" aria-controls=\"wpml-ls-submenu-default\" aria-label=\"Language switcher, press tab to navigate to other languages\" title=\"Switch to \u0441\u0440\u043f\u0441\u043a\u0438 (\u0441\u0440\u043f\u0441\u043a\u0438)\">\n\t\t\t\t<span class=\"wpml-ls-native\">\u0441\u0440\u043f\u0441\u043a\u0438<\/span><\/a>\n\n\t\t\t<ul id=\"wpml-ls-submenu-default\" class=\"wpml-ls-sub-menu\">\n\t\t\t\t\n\t\t\t\t\t<li class=\"wpml-ls-slot-shortcode_actions wpml-ls-item wpml-ls-item-de wpml-ls-first-item\">\n\t\t\t\t\t\t<a href=\"https:\/\/www.lexika.at\/\" hreflang=\"de\" lang=\"de\" class=\"wpml-ls-link\" aria-label=\"Switch to \u043d\u0435\u043c\u0430\u0447\u043a\u0438 (Deutsch)\" title=\"Switch to \u043d\u0435\u043c\u0430\u0447\u043a\u0438 (Deutsch)\">\n\t\t\t\t\t\t\t<span class=\"wpml-ls-native\">Deutsch<\/span><span class=\"wpml-ls-display\"><span class=\"wpml-ls-bracket\">(<\/span>\u043d\u0435\u043c\u0430\u0447\u043a\u0438<span class=\"wpml-ls-bracket\">)<\/span><\/span><\/a>\n\t\t\t\t\t<\/li>\n\n\t\t\t\t\n\t\t\t\t\t<li class=\"wpml-ls-slot-shortcode_actions wpml-ls-item wpml-ls-item-en\">\n\t\t\t\t\t\t<a href=\"https:\/\/www.lexika.at\/en\/\" hreflang=\"en\" lang=\"en\" class=\"wpml-ls-link\" aria-label=\"Switch to \u0435\u043d\u0433\u043b\u0435\u0441\u043a\u0438 (English)\" title=\"Switch to \u0435\u043d\u0433\u043b\u0435\u0441\u043a\u0438 (English)\">\n\t\t\t\t\t\t\t<span class=\"wpml-ls-native\">English<\/span><span class=\"wpml-ls-display\"><span class=\"wpml-ls-bracket\">(<\/span>\u0435\u043d\u0433\u043b\u0435\u0441\u043a\u0438<span class=\"wpml-ls-bracket\">)<\/span><\/span><\/a>\n\t\t\t\t\t<\/li>\n\n\t\t\t\t\n\t\t\t\t\t<li class=\"wpml-ls-slot-shortcode_actions wpml-ls-item wpml-ls-item-ro\">\n\t\t\t\t\t\t<a href=\"https:\/\/www.lexika.at\/ro\/\" hreflang=\"ro\" lang=\"ro\" class=\"wpml-ls-link\" aria-label=\"Switch to \u0440\u0443\u043c\u0443\u043d\u0441\u043a\u0438 (Rom\u00e2n\u0103)\" title=\"Switch to \u0440\u0443\u043c\u0443\u043d\u0441\u043a\u0438 (Rom\u00e2n\u0103)\">\n\t\t\t\t\t\t\t<span class=\"wpml-ls-native\">Rom\u00e2n\u0103<\/span><span class=\"wpml-ls-display\"><span class=\"wpml-ls-bracket\">(<\/span>\u0440\u0443\u043c\u0443\u043d\u0441\u043a\u0438<span class=\"wpml-ls-bracket\">)<\/span><\/span><\/a>\n\t\t\t\t\t<\/li>\n\n\t\t\t\t\n\t\t\t\t\t<li class=\"wpml-ls-slot-shortcode_actions wpml-ls-item wpml-ls-item-ar\">\n\t\t\t\t\t\t<a href=\"https:\/\/www.lexika.at\/ar\/\" hreflang=\"ar\" lang=\"ar\" class=\"wpml-ls-link\" aria-label=\"Switch to \u0430\u0440\u0430\u043f\u0441\u043a\u0438 (\u0627\u0644\u0639\u0631\u0628\u064a\u0629)\" title=\"Switch to \u0430\u0440\u0430\u043f\u0441\u043a\u0438 (\u0627\u0644\u0639\u0631\u0628\u064a\u0629)\">\n\t\t\t\t\t\t\t<span class=\"wpml-ls-native\">\u0627\u0644\u0639\u0631\u0628\u064a\u0629<\/span><span class=\"wpml-ls-display\"><span class=\"wpml-ls-bracket\">(<\/span>\u0430\u0440\u0430\u043f\u0441\u043a\u0438<span class=\"wpml-ls-bracket\">)<\/span><\/span><\/a>\n\t\t\t\t\t<\/li>\n\n\t\t\t\t\n\t\t\t\t\t<li class=\"wpml-ls-slot-shortcode_actions wpml-ls-item wpml-ls-item-hu\">\n\t\t\t\t\t\t<a href=\"https:\/\/www.lexika.at\/hu\/\" hreflang=\"hu\" lang=\"hu\" class=\"wpml-ls-link\" aria-label=\"Switch to \u043c\u0430\u0452\u0430\u0440\u0441\u043a\u0438 (Magyar)\" title=\"Switch to \u043c\u0430\u0452\u0430\u0440\u0441\u043a\u0438 (Magyar)\">\n\t\t\t\t\t\t\t<span class=\"wpml-ls-native\">Magyar<\/span><span class=\"wpml-ls-display\"><span class=\"wpml-ls-bracket\">(<\/span>\u043c\u0430\u0452\u0430\u0440\u0441\u043a\u0438<span class=\"wpml-ls-bracket\">)<\/span><\/span><\/a>\n\t\t\t\t\t<\/li>\n\n\t\t\t\t\n\t\t\t\t\t<li class=\"wpml-ls-slot-shortcode_actions wpml-ls-item wpml-ls-item-it\">\n\t\t\t\t\t\t<a href=\"https:\/\/www.lexika.at\/it\/\" hreflang=\"it\" lang=\"it\" class=\"wpml-ls-link\" aria-label=\"Switch to \u0438\u0442\u0430\u043b\u0438\u0458\u0430\u043d\u0441\u043a\u0438 (Italiano)\" title=\"Switch to \u0438\u0442\u0430\u043b\u0438\u0458\u0430\u043d\u0441\u043a\u0438 (Italiano)\">\n\t\t\t\t\t\t\t<span class=\"wpml-ls-native\">Italiano<\/span><span class=\"wpml-ls-display\"><span class=\"wpml-ls-bracket\">(<\/span>\u0438\u0442\u0430\u043b\u0438\u0458\u0430\u043d\u0441\u043a\u0438<span class=\"wpml-ls-bracket\">)<\/span><\/span><\/a>\n\t\t\t\t\t<\/li>\n\n\t\t\t\t\n\t\t\t\t\t<li class=\"wpml-ls-slot-shortcode_actions wpml-ls-item wpml-ls-item-es\">\n\t\t\t\t\t\t<a href=\"https:\/\/www.lexika.at\/es\/\" hreflang=\"es\" lang=\"es\" class=\"wpml-ls-link\" aria-label=\"Switch to \u0448\u043f\u0430\u043d\u0441\u043a\u0438 (Espa\u00f1ol)\" title=\"Switch to \u0448\u043f\u0430\u043d\u0441\u043a\u0438 (Espa\u00f1ol)\">\n\t\t\t\t\t\t\t<span class=\"wpml-ls-native\">Espa\u00f1ol<\/span><span class=\"wpml-ls-display\"><span class=\"wpml-ls-bracket\">(<\/span>\u0448\u043f\u0430\u043d\u0441\u043a\u0438<span class=\"wpml-ls-bracket\">)<\/span><\/span><\/a>\n\t\t\t\t\t<\/li>\n\n\t\t\t\t\n\t\t\t\t\t<li class=\"wpml-ls-slot-shortcode_actions wpml-ls-item wpml-ls-item-bs\">\n\t\t\t\t\t\t<a href=\"https:\/\/www.lexika.at\/bs\/\" hreflang=\"bs\" lang=\"bs\" class=\"wpml-ls-link\" aria-label=\"Switch to \u0431\u043e\u0441\u0430\u043d\u0441\u043a\u0438 (Bosnian)\" title=\"Switch to \u0431\u043e\u0441\u0430\u043d\u0441\u043a\u0438 (Bosnian)\">\n\t\t\t\t\t\t\t<span class=\"wpml-ls-native\">Bosnian<\/span><span class=\"wpml-ls-display\"><span class=\"wpml-ls-bracket\">(<\/span>\u0431\u043e\u0441\u0430\u043d\u0441\u043a\u0438<span class=\"wpml-ls-bracket\">)<\/span><\/span><\/a>\n\t\t\t\t\t<\/li>\n\n\t\t\t\t\n\t\t\t\t\t<li class=\"wpml-ls-slot-shortcode_actions wpml-ls-item wpml-ls-item-hr\">\n\t\t\t\t\t\t<a href=\"https:\/\/www.lexika.at\/hr\/\" hreflang=\"hr\" lang=\"hr\" class=\"wpml-ls-link\" aria-label=\"Switch to \u0445\u0440\u0432\u0430\u0442\u0441\u043a\u0438 (Hrvatski)\" title=\"Switch to \u0445\u0440\u0432\u0430\u0442\u0441\u043a\u0438 (Hrvatski)\">\n\t\t\t\t\t\t\t<span class=\"wpml-ls-native\">Hrvatski<\/span><span class=\"wpml-ls-display\"><span class=\"wpml-ls-bracket\">(<\/span>\u0445\u0440\u0432\u0430\u0442\u0441\u043a\u0438<span class=\"wpml-ls-bracket\">)<\/span><\/span><\/a>\n\t\t\t\t\t<\/li>\n\n\t\t\t\t\n\t\t\t\t\t<li class=\"wpml-ls-slot-shortcode_actions wpml-ls-item wpml-ls-item-uk\">\n\t\t\t\t\t\t<a href=\"https:\/\/www.lexika.at\/uk\/\" hreflang=\"uk\" lang=\"uk\" class=\"wpml-ls-link\" aria-label=\"Switch to \u0443\u043a\u0440\u0430\u0458\u0438\u043d\u0441\u043a\u0438 (\u0423\u043a\u0440\u0430\u0457\u043d\u0441\u044c\u043a\u0430)\" title=\"Switch to \u0443\u043a\u0440\u0430\u0458\u0438\u043d\u0441\u043a\u0438 (\u0423\u043a\u0440\u0430\u0457\u043d\u0441\u044c\u043a\u0430)\">\n\t\t\t\t\t\t\t<span class=\"wpml-ls-native\">\u0423\u043a\u0440\u0430\u0457\u043d\u0441\u044c\u043a\u0430<\/span><span class=\"wpml-ls-display\"><span class=\"wpml-ls-bracket\">(<\/span>\u0443\u043a\u0440\u0430\u0458\u0438\u043d\u0441\u043a\u0438<span class=\"wpml-ls-bracket\">)<\/span><\/span><\/a>\n\t\t\t\t\t<\/li>\n\n\t\t\t\t\n\t\t\t\t\t<li class=\"wpml-ls-slot-shortcode_actions wpml-ls-item wpml-ls-item-ru\">\n\t\t\t\t\t\t<a href=\"https:\/\/www.lexika.at\/ru\/\" hreflang=\"ru\" lang=\"ru\" class=\"wpml-ls-link\" aria-label=\"Switch to \u0440\u0443\u0441\u043a\u0438 (\u0420\u0443\u0441\u0441\u043a\u0438\u0439)\" title=\"Switch to \u0440\u0443\u0441\u043a\u0438 (\u0420\u0443\u0441\u0441\u043a\u0438\u0439)\">\n\t\t\t\t\t\t\t<span class=\"wpml-ls-native\">\u0420\u0443\u0441\u0441\u043a\u0438\u0439<\/span><span class=\"wpml-ls-display\"><span class=\"wpml-ls-bracket\">(<\/span>\u0440\u0443\u0441\u043a\u0438<span class=\"wpml-ls-bracket\">)<\/span><\/span><\/a>\n\t\t\t\t\t<\/li>\n\n\t\t\t\t\n\t\t\t\t\t<li class=\"wpml-ls-slot-shortcode_actions wpml-ls-item wpml-ls-item-sl wpml-ls-last-item\">\n\t\t\t\t\t\t<a href=\"https:\/\/www.lexika.at\/sl\/\" hreflang=\"sl\" lang=\"sl\" class=\"wpml-ls-link\" aria-label=\"Switch to \u0441\u043b\u043e\u0432\u0435\u043d\u0430\u0447\u043a\u0438 (Sloven\u0161\u010dina)\" title=\"Switch to \u0441\u043b\u043e\u0432\u0435\u043d\u0430\u0447\u043a\u0438 (Sloven\u0161\u010dina)\">\n\t\t\t\t\t\t\t<span class=\"wpml-ls-native\">Sloven\u0161\u010dina<\/span><span class=\"wpml-ls-display\"><span class=\"wpml-ls-bracket\">(<\/span>\u0441\u043b\u043e\u0432\u0435\u043d\u0430\u0447\u043a\u0438<span class=\"wpml-ls-bracket\">)<\/span><\/span><\/a>\n\t\t\t\t\t<\/li>\n\n\t\t\t\t\t\t\t<\/ul>\n\n\t\t<\/li>\n\n\t<\/ul>\n<\/div>\n<\/div>\n\t\t\t\t\t\t<\/div>\n\t\t\t\t<\/div>\n\t\t\t\t<div class=\"elementor-element elementor-element-7286845a elementor-widget elementor-widget-spacer\" data-id=\"7286845a\" data-element_type=\"widget\" data-e-type=\"widget\" data-widget_type=\"spacer.default\">\n\t\t\t\t<div class=\"elementor-widget-container\">\n\t\t\t\t\t\t\t<div class=\"elementor-spacer\">\n\t\t\t<div class=\"elementor-spacer-inner\"><\/div>\n\t\t<\/div>\n\t\t\t\t\t\t<\/div>\n\t\t\t\t<\/div>\n\t\t\t\t\t<\/div>\n\t\t<\/div>\n\t\t\t\t\t<\/div>\n\t\t<\/section>\n\t\t\t\t<\/div>\n\t\t<\/div>\n\t\t\t\t\t\t<\/div>\n\t\t\t\t<\/div>\n\t\t\t\t\t<\/div>\n\t\t<\/div>\n\t\t\t\t\t<\/div>\n\t\t<\/section>\n\t\t\t\t<section class=\"elementor-section elementor-top-section elementor-element elementor-element-5531ed70 elementor-section-full_width elementor-section-height-default elementor-section-height-default\" data-id=\"5531ed70\" data-element_type=\"section\" data-e-type=\"section\">\n\t\t\t\t\t\t<div class=\"elementor-container elementor-column-gap-default\">\n\t\t\t\t\t<div class=\"elementor-column elementor-col-50 elementor-top-column elementor-element elementor-element-3ca32386\" data-id=\"3ca32386\" data-element_type=\"column\" data-e-type=\"column\" data-settings=\"{&quot;motion_fx_motion_fx_scrolling&quot;:&quot;yes&quot;,&quot;motion_fx_devices&quot;:[&quot;desktop&quot;,&quot;tablet&quot;,&quot;mobile&quot;]}\">\n\t\t\t<div class=\"elementor-widget-wrap elementor-element-populated\">\n\t\t\t\t<div class=\"elementor-element elementor-element-ac91cea e-flex e-con-boxed e-con e-parent\" data-id=\"ac91cea\" data-element_type=\"container\" data-e-type=\"container\">\n\t\t\t\t\t<div class=\"e-con-inner\">\n\t\t\t\t<div class=\"elementor-element elementor-element-b2c1539 elementor-widget elementor-widget-heading\" data-id=\"b2c1539\" data-element_type=\"widget\" data-e-type=\"widget\" data-widget_type=\"heading.default\">\n\t\t\t\t<div class=\"elementor-widget-container\">\n\t\t\t\t\t<h1 class=\"elementor-heading-title elementor-size-xxl\">Na\u0161i jezici.<\/h1>\t\t\t\t<\/div>\n\t\t\t\t<\/div>\n\t\t\t\t<div class=\"elementor-element elementor-element-66e9241 elementor-widget elementor-widget-text-editor\" data-id=\"66e9241\" data-element_type=\"widget\" data-e-type=\"widget\" data-widget_type=\"text-editor.default\">\n\t\t\t\t<div class=\"elementor-widget-container\">\n\t\t\t\t\t\t\t\t\t<p>Sa na\u0161im iskusnim timom i mre\u017eom prevodilaca na vi\u0161e od 50 jezika, nudimo re\u0161enja koja su skrojena za va\u0161e individualne potrebe. \u010cak i prevo\u0111enje u slo\u017eenim jezi\u010dkim kombinacijama, kao \u0161to je na primer prevo\u0111enje sa engleskog na hrvatski, za nas ne predstavljaju nikakav problem. Znamo koliko su va\u0161i projekti va\u017eni \u2013 te zato izvr\u0161avamo va\u0161e naloge brzo, ta\u010dno i sa najve\u0107om pa\u017enjom.  <\/p>\t\t\t\t\t\t\t\t<\/div>\n\t\t\t\t<\/div>\n\t\t\t\t<div class=\"elementor-element elementor-element-55093ba elementor-widget elementor-widget-text-editor\" data-id=\"55093ba\" data-element_type=\"widget\" data-e-type=\"widget\" data-widget_type=\"text-editor.default\">\n\t\t\t\t<div class=\"elementor-widget-container\">\n\t\t\t\t\t\t\t\t\t<p><span style=\"font-weight: 400;\">\u017delite da prevedete va\u017ean dokument ili da obezbedite vi\u0161ejezi\u010dnu komunikaciju? Mi smo tu da vam pomognemo savetom i delom! <\/span><\/p>\t\t\t\t\t\t\t\t<\/div>\n\t\t\t\t<\/div>\n\t\t\t\t\t<\/div>\n\t\t\t\t<\/div>\n\t\t\t\t\t<\/div>\n\t\t<\/div>\n\t\t\t\t<div class=\"elementor-column elementor-col-50 elementor-top-column elementor-element elementor-element-36e00bff\" data-id=\"36e00bff\" data-element_type=\"column\" data-e-type=\"column\">\n\t\t\t<div class=\"elementor-widget-wrap elementor-element-populated\">\n\t\t\t\t\t\t<div class=\"elementor-element elementor-element-6be2c72 elementor-widget elementor-widget-text-editor\" data-id=\"6be2c72\" data-element_type=\"widget\" data-e-type=\"widget\" data-widget_type=\"text-editor.default\">\n\t\t\t\t<div class=\"elementor-widget-container\">\n\t\t\t\t\t\t\t\t\t<h3>Albanski<\/h3><h3>Arapski<\/h3><h3>Austrijski znakovni jezik<\/h3><h3>Bengalski<\/h3><h3>Bosanski<\/h3><h3>Bugarski<\/h3><h3>\u010ce\u0161ki<\/h3><h3>Danski<\/h3><h3>Dari<\/h3><h3>Engleski<\/h3><h3>Engleski<\/h3>\t\t\t\t\t\t\t\t<\/div>\n\t\t\t\t<\/div>\n\t\t\t\t<div class=\"elementor-element elementor-element-8cf83c9 elementor-widget elementor-widget-n-accordion\" data-id=\"8cf83c9\" data-element_type=\"widget\" data-e-type=\"widget\" data-settings=\"{&quot;default_state&quot;:&quot;all_collapsed&quot;,&quot;max_items_expended&quot;:&quot;one&quot;,&quot;n_accordion_animation_duration&quot;:{&quot;unit&quot;:&quot;ms&quot;,&quot;size&quot;:400,&quot;sizes&quot;:[]}}\" data-widget_type=\"nested-accordion.default\">\n\t\t\t\t<div class=\"elementor-widget-container\">\n\t\t\t\t\t\t\t<div class=\"e-n-accordion\" aria-label=\"Accordion. Open links with Enter or Space, close with Escape, and navigate with Arrow Keys\">\n\t\t\t\t\t\t<details id=\"e-n-accordion-item-1470\" class=\"e-n-accordion-item\" >\n\t\t\t\t<summary class=\"e-n-accordion-item-title\" data-accordion-index=\"1\" tabindex=\"0\" aria-expanded=\"false\" aria-controls=\"e-n-accordion-item-1470\" >\n\t\t\t\t\t<span class='e-n-accordion-item-title-header'><div class=\"e-n-accordion-item-title-text\"> Prika\u017ei sve jezike <\/div><\/span>\n\t\t\t\t\t\t\t<span class='e-n-accordion-item-title-icon'>\n\t\t\t<span class='e-opened' ><i aria-hidden=\"true\" class=\"fas fa-minus\"><\/i><\/span>\n\t\t\t<span class='e-closed'><i aria-hidden=\"true\" class=\"fas fa-plus\"><\/i><\/span>\n\t\t<\/span>\n\n\t\t\t\t\t\t<\/summary>\n\t\t\t\t<div role=\"region\" aria-labelledby=\"e-n-accordion-item-1470\" class=\"elementor-element elementor-element-467c26c e-con-full e-flex e-con e-child\" data-id=\"467c26c\" data-element_type=\"container\" data-e-type=\"container\">\n\t\t\t\t<div class=\"elementor-element elementor-element-0a7625d elementor-widget elementor-widget-text-editor\" data-id=\"0a7625d\" data-element_type=\"widget\" data-e-type=\"widget\" data-widget_type=\"text-editor.default\">\n\t\t\t\t<div class=\"elementor-widget-container\">\n\t\t\t\t\t\t\t\t\t<h3>Estnisch<\/h3><h3>Farsi<\/h3><h3>Finski<\/h3><h3>Flamanski<\/h3><h3>Gruzijski<\/h3><h3>Gr\u010dki<\/h3><h3>Hebrejski<\/h3><h3>Hrvatski<\/h3><h3>Hindi<\/h3><h3>Italijanski<\/h3><h3>Japanski<\/h3><h3>Jermenski<\/h3><h3>Kineski &#8211; mandarinski<\/h3><h3>Korejski<\/h3><h3>Kurdski<\/h3><h3>Letonski<\/h3><h3>Litvanski<\/h3><h3>Makedonski<\/h3><h3>Ma\u0111arski<\/h3><h3>Moldavski<\/h3><h3>Mongolski<\/h3><h3>Nepalski<\/h3><h3>Nema\u010dki<\/h3><h3>Holandski<\/h3><h3>Norve\u0161ki<\/h3><h3>Pa\u0161tu<\/h3><h3>Pand\u017eabi<\/h3><h3>Poljski<\/h3><h3>Portugalski<\/h3><h3>Rumunski<\/h3><h3>Ruski<\/h3><h3>Slova\u010dki<\/h3><h3>Slovena\u010dki<\/h3><h3>Somalijski<\/h3><h3>Sorani<\/h3><h3>Srpski<\/h3><h3>\u0160panski<\/h3><h3>\u0160vedski<\/h3><h3>Tajlandski<\/h3><h3>Turski<\/h3><h3>Ukrajinski<\/h3><h3>Urdu<\/h3><h3>Vijetnamski<\/h3>\t\t\t\t\t\t\t\t<\/div>\n\t\t\t\t<\/div>\n\t\t\t\t<\/div>\n\t\t\t\t\t<\/details>\n\t\t\t\t\t<\/div>\n\t\t\t\t\t\t<\/div>\n\t\t\t\t<\/div>\n\t\t\t\t\t<\/div>\n\t\t<\/div>\n\t\t\t\t\t<\/div>\n\t\t<\/section>\n\t\t\t\t<section class=\"elementor-section elementor-top-section elementor-element elementor-element-7f3ff219 elementor-section-full_width elementor-section-height-default elementor-section-height-default\" data-id=\"7f3ff219\" data-element_type=\"section\" data-e-type=\"section\">\n\t\t\t\t\t\t<div class=\"elementor-container elementor-column-gap-default\">\n\t\t\t\t\t<div class=\"elementor-column elementor-col-33 elementor-top-column elementor-element elementor-element-5169633f\" data-id=\"5169633f\" data-element_type=\"column\" data-e-type=\"column\">\n\t\t\t<div class=\"elementor-widget-wrap elementor-element-populated\">\n\t\t\t\t\t\t<div class=\"elementor-element elementor-element-ae5aaff elementor-widget elementor-widget-spacer\" data-id=\"ae5aaff\" data-element_type=\"widget\" data-e-type=\"widget\" data-widget_type=\"spacer.default\">\n\t\t\t\t<div class=\"elementor-widget-container\">\n\t\t\t\t\t\t\t<div class=\"elementor-spacer\">\n\t\t\t<div class=\"elementor-spacer-inner\"><\/div>\n\t\t<\/div>\n\t\t\t\t\t\t<\/div>\n\t\t\t\t<\/div>\n\t\t\t\t<div class=\"elementor-element elementor-element-34a0e6c4 elementor-widget elementor-widget-heading\" data-id=\"34a0e6c4\" data-element_type=\"widget\" data-e-type=\"widget\" data-widget_type=\"heading.default\">\n\t\t\t\t<div class=\"elementor-widget-container\">\n\t\t\t\t\t<h3 class=\"elementor-heading-title elementor-size-default\">Rado \u0107emo vas posavetovati koja \nusluga najbolje odgovara va\u0161im potrebama!<\/h3>\t\t\t\t<\/div>\n\t\t\t\t<\/div>\n\t\t\t\t<div class=\"elementor-element elementor-element-36dfb2ec elementor-widget elementor-widget-spacer\" data-id=\"36dfb2ec\" data-element_type=\"widget\" data-e-type=\"widget\" data-widget_type=\"spacer.default\">\n\t\t\t\t<div class=\"elementor-widget-container\">\n\t\t\t\t\t\t\t<div class=\"elementor-spacer\">\n\t\t\t<div class=\"elementor-spacer-inner\"><\/div>\n\t\t<\/div>\n\t\t\t\t\t\t<\/div>\n\t\t\t\t<\/div>\n\t\t\t\t\t<\/div>\n\t\t<\/div>\n\t\t\t\t<div class=\"elementor-column elementor-col-33 elementor-top-column elementor-element elementor-element-598c0fc9\" data-id=\"598c0fc9\" data-element_type=\"column\" data-e-type=\"column\">\n\t\t\t<div class=\"elementor-widget-wrap elementor-element-populated\">\n\t\t\t\t\t\t<div class=\"elementor-element elementor-element-12ccbdcb elementor-widget elementor-widget-spacer\" data-id=\"12ccbdcb\" data-element_type=\"widget\" data-e-type=\"widget\" data-widget_type=\"spacer.default\">\n\t\t\t\t<div class=\"elementor-widget-container\">\n\t\t\t\t\t\t\t<div class=\"elementor-spacer\">\n\t\t\t<div class=\"elementor-spacer-inner\"><\/div>\n\t\t<\/div>\n\t\t\t\t\t\t<\/div>\n\t\t\t\t<\/div>\n\t\t\t\t<div class=\"elementor-element elementor-element-de659c1 elementor-widget elementor-widget-text-editor\" data-id=\"de659c1\" data-element_type=\"widget\" data-e-type=\"widget\" data-widget_type=\"text-editor.default\">\n\t\t\t\t<div class=\"elementor-widget-container\">\n\t\t\t\t\t\t\t\t\t<p>Bez obzira \u0161ta \u017eelite da ka\u017eete ili prenesete, bez obzira na dokument koji treba prevesti \u2013 znamo koliko vam je va\u017eno da se va\u0161i nalozi brzo, ta\u010dno i pa\u017eljivo izvr\u0161e.<\/p>\t\t\t\t\t\t\t\t<\/div>\n\t\t\t\t<\/div>\n\t\t\t\t\t<\/div>\n\t\t<\/div>\n\t\t\t\t<div class=\"elementor-column elementor-col-33 elementor-top-column elementor-element elementor-element-5c7b6336\" data-id=\"5c7b6336\" data-element_type=\"column\" data-e-type=\"column\">\n\t\t\t<div class=\"elementor-widget-wrap elementor-element-populated\">\n\t\t\t\t\t\t<div class=\"elementor-element elementor-element-4d5445fd elementor-widget elementor-widget-spacer\" data-id=\"4d5445fd\" data-element_type=\"widget\" data-e-type=\"widget\" data-widget_type=\"spacer.default\">\n\t\t\t\t<div class=\"elementor-widget-container\">\n\t\t\t\t\t\t\t<div class=\"elementor-spacer\">\n\t\t\t<div class=\"elementor-spacer-inner\"><\/div>\n\t\t<\/div>\n\t\t\t\t\t\t<\/div>\n\t\t\t\t<\/div>\n\t\t\t\t<div class=\"elementor-element elementor-element-67d53e0d elementor-align-right elementor-mobile-align-center elementor-widget elementor-widget-button\" data-id=\"67d53e0d\" data-element_type=\"widget\" data-e-type=\"widget\" data-widget_type=\"button.default\">\n\t\t\t\t<div class=\"elementor-widget-container\">\n\t\t\t\t\t\t\t\t\t<div class=\"elementor-button-wrapper\">\n\t\t\t\t\t<a class=\"elementor-button elementor-button-link elementor-size-sm\" href=\"https:\/\/www.lexika.at\/sr\/kontakt\/\">\n\t\t\t\t\t\t<span class=\"elementor-button-content-wrapper\">\n\t\t\t\t\t\t\t\t\t<span class=\"elementor-button-text\">Besplatan upit<\/span>\n\t\t\t\t\t<\/span>\n\t\t\t\t\t<\/a>\n\t\t\t\t<\/div>\n\t\t\t\t\t\t\t\t<\/div>\n\t\t\t\t<\/div>\n\t\t\t\t<div class=\"elementor-element elementor-element-c7a6dc4 elementor-hidden-desktop elementor-hidden-tablet elementor-widget elementor-widget-spacer\" data-id=\"c7a6dc4\" data-element_type=\"widget\" data-e-type=\"widget\" data-widget_type=\"spacer.default\">\n\t\t\t\t<div class=\"elementor-widget-container\">\n\t\t\t\t\t\t\t<div class=\"elementor-spacer\">\n\t\t\t<div class=\"elementor-spacer-inner\"><\/div>\n\t\t<\/div>\n\t\t\t\t\t\t<\/div>\n\t\t\t\t<\/div>\n\t\t\t\t\t<\/div>\n\t\t<\/div>\n\t\t\t\t\t<\/div>\n\t\t<\/section>\n\t\t\t\t<\/div>\n\t\t","protected":false},"excerpt":{"rendered":"<p>Na\u0161i jezici. Sa na\u0161im iskusnim timom i mre\u017eom prevodilaca na vi\u0161e od 50 jezika, nudimo re\u0161enja koja su skrojena za va\u0161e individualne potrebe. \u010cak i prevo\u0111enje<span class=\"excerpt-hellip\"> [\u2026]<\/span><\/p>\n","protected":false},"author":1,"featured_media":0,"parent":0,"menu_order":30,"comment_status":"closed","ping_status":"closed","template":"","meta":{"footnotes":""},"class_list":["post-1838","page","type-page","status-publish","hentry"],"_links":{"self":[{"href":"https:\/\/www.lexika.at\/sr\/wp-json\/wp\/v2\/pages\/1838","targetHints":{"allow":["GET"]}}],"collection":[{"href":"https:\/\/www.lexika.at\/sr\/wp-json\/wp\/v2\/pages"}],"about":[{"href":"https:\/\/www.lexika.at\/sr\/wp-json\/wp\/v2\/types\/page"}],"author":[{"embeddable":true,"href":"https:\/\/www.lexika.at\/sr\/wp-json\/wp\/v2\/users\/1"}],"replies":[{"embeddable":true,"href":"https:\/\/www.lexika.at\/sr\/wp-json\/wp\/v2\/comments?post=1838"}],"version-history":[{"count":6,"href":"https:\/\/www.lexika.at\/sr\/wp-json\/wp\/v2\/pages\/1838\/revisions"}],"predecessor-version":[{"id":1930,"href":"https:\/\/www.lexika.at\/sr\/wp-json\/wp\/v2\/pages\/1838\/revisions\/1930"}],"wp:attachment":[{"href":"https:\/\/www.lexika.at\/sr\/wp-json\/wp\/v2\/media?parent=1838"}],"curies":[{"name":"wp","href":"https:\/\/api.w.org\/{rel}","templated":true}]}}