{"id":2195,"date":"2025-10-20T13:28:48","date_gmt":"2025-10-20T11:28:48","guid":{"rendered":"https:\/\/www.lexika.at\/nasi-jeziki\/"},"modified":"2025-10-20T13:47:30","modified_gmt":"2025-10-20T11:47:30","slug":"nasi-jeziki","status":"publish","type":"page","link":"https:\/\/www.lexika.at\/sl\/nasi-jeziki\/","title":{"rendered":"Na\u0161i jeziki"},"content":{"rendered":"\t\t<div data-elementor-type=\"wp-page\" data-elementor-id=\"2195\" class=\"elementor elementor-2195 elementor-35\" data-elementor-post-type=\"page\">\n\t\t\t\t\t\t<section class=\"elementor-section elementor-top-section elementor-element elementor-element-34621328 elementor-section-full_width elementor-section-height-default elementor-section-height-default\" data-id=\"34621328\" data-element_type=\"section\" data-e-type=\"section\" data-settings=\"{&quot;sticky&quot;:&quot;top&quot;,&quot;sticky_offset&quot;:30,&quot;sticky_on&quot;:[&quot;desktop&quot;,&quot;tablet&quot;,&quot;mobile&quot;],&quot;sticky_effects_offset&quot;:0,&quot;sticky_anchor_link_offset&quot;:0}\">\n\t\t\t\t\t\t<div class=\"elementor-container elementor-column-gap-default\">\n\t\t\t\t\t<div class=\"elementor-column elementor-col-100 elementor-top-column elementor-element elementor-element-7e9ef40f\" data-id=\"7e9ef40f\" data-element_type=\"column\" data-e-type=\"column\" data-settings=\"{&quot;background_background&quot;:&quot;classic&quot;}\">\n\t\t\t<div class=\"elementor-widget-wrap elementor-element-populated\">\n\t\t\t\t\t\t<div class=\"elementor-element elementor-element-49cdd4e7 elementor-widget elementor-widget-shortcode\" data-id=\"49cdd4e7\" data-element_type=\"widget\" data-e-type=\"widget\" data-widget_type=\"shortcode.default\">\n\t\t\t\t<div class=\"elementor-widget-container\">\n\t\t\t\t\t\t\t<div class=\"elementor-shortcode\">\t\t<div data-elementor-type=\"section\" data-elementor-id=\"428\" class=\"elementor elementor-428\" data-elementor-post-type=\"elementor_library\">\n\t\t\t\t\t<section class=\"elementor-section elementor-top-section elementor-element elementor-element-1ac840da elementor-section-full_width elementor-section-height-default elementor-section-height-default\" data-id=\"1ac840da\" data-element_type=\"section\" data-e-type=\"section\" data-settings=\"{&quot;background_background&quot;:&quot;classic&quot;,&quot;sticky&quot;:&quot;top&quot;,&quot;sticky_on&quot;:[&quot;desktop&quot;,&quot;tablet&quot;,&quot;mobile&quot;],&quot;sticky_offset&quot;:0,&quot;sticky_effects_offset&quot;:0,&quot;sticky_anchor_link_offset&quot;:0}\">\n\t\t\t\t\t\t<div class=\"elementor-container elementor-column-gap-default\">\n\t\t\t\t\t<div class=\"elementor-column elementor-col-100 elementor-top-column elementor-element elementor-element-6d8f439e\" data-id=\"6d8f439e\" data-element_type=\"column\" data-e-type=\"column\" data-settings=\"{&quot;background_background&quot;:&quot;classic&quot;}\">\n\t\t\t<div class=\"elementor-widget-wrap elementor-element-populated\">\n\t\t\t\t\t\t<div class=\"elementor-element elementor-element-b29550c elementor-widget elementor-widget-shortcode\" data-id=\"b29550c\" data-element_type=\"widget\" data-e-type=\"widget\" data-widget_type=\"shortcode.default\">\n\t\t\t\t<div class=\"elementor-widget-container\">\n\t\t\t\t\t\t\t<div class=\"elementor-shortcode\">\n<div\n\t role=\"navigation\" aria-label=\"Language Switcher\" class=\"wpml-ls-statics-shortcode_actions wpml-ls wpml-ls-legacy-dropdown js-wpml-ls-legacy-dropdown\">\n\t<ul>\n\t\t<li class=\"wpml-ls-slot-shortcode_actions wpml-ls-item wpml-ls-item-sl wpml-ls-current-language wpml-ls-last-item wpml-ls-item-legacy-dropdown\">\n\t\t\t<a href=\"#\" hreflang=\"\" lang=\"\" class=\"js-wpml-ls-item-toggle wpml-ls-item-toggle\" aria-current=\"page\" aria-expanded=\"false\" aria-controls=\"wpml-ls-submenu-default\" aria-label=\"Language switcher, press tab to navigate to other languages\" title=\"Switch to Sloven\u0161\u010dina (Sloven\u0161\u010dina)\">\n\t\t\t\t<span class=\"wpml-ls-native\">Sloven\u0161\u010dina<\/span><\/a>\n\n\t\t\t<ul id=\"wpml-ls-submenu-default\" class=\"wpml-ls-sub-menu\">\n\t\t\t\t\n\t\t\t\t\t<li class=\"wpml-ls-slot-shortcode_actions wpml-ls-item wpml-ls-item-de wpml-ls-first-item\">\n\t\t\t\t\t\t<a href=\"https:\/\/www.lexika.at\/\" hreflang=\"de\" lang=\"de\" class=\"wpml-ls-link\" aria-label=\"Switch to Nem\u0161\u010dina (Deutsch)\" title=\"Switch to Nem\u0161\u010dina (Deutsch)\">\n\t\t\t\t\t\t\t<span class=\"wpml-ls-native\">Deutsch<\/span><span class=\"wpml-ls-display\"><span class=\"wpml-ls-bracket\">(<\/span>Nem\u0161\u010dina<span class=\"wpml-ls-bracket\">)<\/span><\/span><\/a>\n\t\t\t\t\t<\/li>\n\n\t\t\t\t\n\t\t\t\t\t<li class=\"wpml-ls-slot-shortcode_actions wpml-ls-item wpml-ls-item-en\">\n\t\t\t\t\t\t<a href=\"https:\/\/www.lexika.at\/en\/\" hreflang=\"en\" lang=\"en\" class=\"wpml-ls-link\" aria-label=\"Switch to Angle\u0161\u010dina (English)\" title=\"Switch to Angle\u0161\u010dina (English)\">\n\t\t\t\t\t\t\t<span class=\"wpml-ls-native\">English<\/span><span class=\"wpml-ls-display\"><span class=\"wpml-ls-bracket\">(<\/span>Angle\u0161\u010dina<span class=\"wpml-ls-bracket\">)<\/span><\/span><\/a>\n\t\t\t\t\t<\/li>\n\n\t\t\t\t\n\t\t\t\t\t<li class=\"wpml-ls-slot-shortcode_actions wpml-ls-item wpml-ls-item-ro\">\n\t\t\t\t\t\t<a href=\"https:\/\/www.lexika.at\/ro\/\" hreflang=\"ro\" lang=\"ro\" class=\"wpml-ls-link\" aria-label=\"Switch to Romun\u0161\u010dina (Rom\u00e2n\u0103)\" title=\"Switch to Romun\u0161\u010dina (Rom\u00e2n\u0103)\">\n\t\t\t\t\t\t\t<span class=\"wpml-ls-native\">Rom\u00e2n\u0103<\/span><span class=\"wpml-ls-display\"><span class=\"wpml-ls-bracket\">(<\/span>Romun\u0161\u010dina<span class=\"wpml-ls-bracket\">)<\/span><\/span><\/a>\n\t\t\t\t\t<\/li>\n\n\t\t\t\t\n\t\t\t\t\t<li class=\"wpml-ls-slot-shortcode_actions wpml-ls-item wpml-ls-item-sr\">\n\t\t\t\t\t\t<a href=\"https:\/\/www.lexika.at\/sr\/\" hreflang=\"sr\" lang=\"sr\" class=\"wpml-ls-link\" aria-label=\"Switch to Srbski (\u0441\u0440\u043f\u0441\u043a\u0438)\" title=\"Switch to Srbski (\u0441\u0440\u043f\u0441\u043a\u0438)\">\n\t\t\t\t\t\t\t<span class=\"wpml-ls-native\">\u0441\u0440\u043f\u0441\u043a\u0438<\/span><span class=\"wpml-ls-display\"><span class=\"wpml-ls-bracket\">(<\/span>Srbski<span class=\"wpml-ls-bracket\">)<\/span><\/span><\/a>\n\t\t\t\t\t<\/li>\n\n\t\t\t\t\n\t\t\t\t\t<li class=\"wpml-ls-slot-shortcode_actions wpml-ls-item wpml-ls-item-ar\">\n\t\t\t\t\t\t<a href=\"https:\/\/www.lexika.at\/ar\/\" hreflang=\"ar\" lang=\"ar\" class=\"wpml-ls-link\" aria-label=\"Switch to Arab\u0161\u010dina (\u0627\u0644\u0639\u0631\u0628\u064a\u0629)\" title=\"Switch to Arab\u0161\u010dina (\u0627\u0644\u0639\u0631\u0628\u064a\u0629)\">\n\t\t\t\t\t\t\t<span class=\"wpml-ls-native\">\u0627\u0644\u0639\u0631\u0628\u064a\u0629<\/span><span class=\"wpml-ls-display\"><span class=\"wpml-ls-bracket\">(<\/span>Arab\u0161\u010dina<span class=\"wpml-ls-bracket\">)<\/span><\/span><\/a>\n\t\t\t\t\t<\/li>\n\n\t\t\t\t\n\t\t\t\t\t<li class=\"wpml-ls-slot-shortcode_actions wpml-ls-item wpml-ls-item-hu\">\n\t\t\t\t\t\t<a href=\"https:\/\/www.lexika.at\/hu\/\" hreflang=\"hu\" lang=\"hu\" class=\"wpml-ls-link\" aria-label=\"Switch to Mad\u017earski (Magyar)\" title=\"Switch to Mad\u017earski (Magyar)\">\n\t\t\t\t\t\t\t<span class=\"wpml-ls-native\">Magyar<\/span><span class=\"wpml-ls-display\"><span class=\"wpml-ls-bracket\">(<\/span>Mad\u017earski<span class=\"wpml-ls-bracket\">)<\/span><\/span><\/a>\n\t\t\t\t\t<\/li>\n\n\t\t\t\t\n\t\t\t\t\t<li class=\"wpml-ls-slot-shortcode_actions wpml-ls-item wpml-ls-item-it\">\n\t\t\t\t\t\t<a href=\"https:\/\/www.lexika.at\/it\/\" hreflang=\"it\" lang=\"it\" class=\"wpml-ls-link\" aria-label=\"Switch to Italijanski (Italiano)\" title=\"Switch to Italijanski (Italiano)\">\n\t\t\t\t\t\t\t<span class=\"wpml-ls-native\">Italiano<\/span><span class=\"wpml-ls-display\"><span class=\"wpml-ls-bracket\">(<\/span>Italijanski<span class=\"wpml-ls-bracket\">)<\/span><\/span><\/a>\n\t\t\t\t\t<\/li>\n\n\t\t\t\t\n\t\t\t\t\t<li class=\"wpml-ls-slot-shortcode_actions wpml-ls-item wpml-ls-item-es\">\n\t\t\t\t\t\t<a href=\"https:\/\/www.lexika.at\/es\/\" hreflang=\"es\" lang=\"es\" class=\"wpml-ls-link\" aria-label=\"Switch to \u0160pan\u0161\u010dina (Espa\u00f1ol)\" title=\"Switch to \u0160pan\u0161\u010dina (Espa\u00f1ol)\">\n\t\t\t\t\t\t\t<span class=\"wpml-ls-native\">Espa\u00f1ol<\/span><span class=\"wpml-ls-display\"><span class=\"wpml-ls-bracket\">(<\/span>\u0160pan\u0161\u010dina<span class=\"wpml-ls-bracket\">)<\/span><\/span><\/a>\n\t\t\t\t\t<\/li>\n\n\t\t\t\t\n\t\t\t\t\t<li class=\"wpml-ls-slot-shortcode_actions wpml-ls-item wpml-ls-item-bs\">\n\t\t\t\t\t\t<a href=\"https:\/\/www.lexika.at\/bs\/\" hreflang=\"bs\" lang=\"bs\" class=\"wpml-ls-link\" aria-label=\"Switch to Bosanski (Bosnian)\" title=\"Switch to Bosanski (Bosnian)\">\n\t\t\t\t\t\t\t<span class=\"wpml-ls-native\">Bosnian<\/span><span class=\"wpml-ls-display\"><span class=\"wpml-ls-bracket\">(<\/span>Bosanski<span class=\"wpml-ls-bracket\">)<\/span><\/span><\/a>\n\t\t\t\t\t<\/li>\n\n\t\t\t\t\n\t\t\t\t\t<li class=\"wpml-ls-slot-shortcode_actions wpml-ls-item wpml-ls-item-hr\">\n\t\t\t\t\t\t<a href=\"https:\/\/www.lexika.at\/hr\/\" hreflang=\"hr\" lang=\"hr\" class=\"wpml-ls-link\" aria-label=\"Switch to Hrva\u0161ki (Hrvatski)\" title=\"Switch to Hrva\u0161ki (Hrvatski)\">\n\t\t\t\t\t\t\t<span class=\"wpml-ls-native\">Hrvatski<\/span><span class=\"wpml-ls-display\"><span class=\"wpml-ls-bracket\">(<\/span>Hrva\u0161ki<span class=\"wpml-ls-bracket\">)<\/span><\/span><\/a>\n\t\t\t\t\t<\/li>\n\n\t\t\t\t\n\t\t\t\t\t<li class=\"wpml-ls-slot-shortcode_actions wpml-ls-item wpml-ls-item-uk\">\n\t\t\t\t\t\t<a href=\"https:\/\/www.lexika.at\/uk\/\" hreflang=\"uk\" lang=\"uk\" class=\"wpml-ls-link\" aria-label=\"Switch to Ukrajinski (\u0423\u043a\u0440\u0430\u0457\u043d\u0441\u044c\u043a\u0430)\" title=\"Switch to Ukrajinski (\u0423\u043a\u0440\u0430\u0457\u043d\u0441\u044c\u043a\u0430)\">\n\t\t\t\t\t\t\t<span class=\"wpml-ls-native\">\u0423\u043a\u0440\u0430\u0457\u043d\u0441\u044c\u043a\u0430<\/span><span class=\"wpml-ls-display\"><span class=\"wpml-ls-bracket\">(<\/span>Ukrajinski<span class=\"wpml-ls-bracket\">)<\/span><\/span><\/a>\n\t\t\t\t\t<\/li>\n\n\t\t\t\t\n\t\t\t\t\t<li class=\"wpml-ls-slot-shortcode_actions wpml-ls-item wpml-ls-item-ru\">\n\t\t\t\t\t\t<a href=\"https:\/\/www.lexika.at\/ru\/\" hreflang=\"ru\" lang=\"ru\" class=\"wpml-ls-link\" aria-label=\"Switch to Ru\u0161\u010dina (\u0420\u0443\u0441\u0441\u043a\u0438\u0439)\" title=\"Switch to Ru\u0161\u010dina (\u0420\u0443\u0441\u0441\u043a\u0438\u0439)\">\n\t\t\t\t\t\t\t<span class=\"wpml-ls-native\">\u0420\u0443\u0441\u0441\u043a\u0438\u0439<\/span><span class=\"wpml-ls-display\"><span class=\"wpml-ls-bracket\">(<\/span>Ru\u0161\u010dina<span class=\"wpml-ls-bracket\">)<\/span><\/span><\/a>\n\t\t\t\t\t<\/li>\n\n\t\t\t\t\t\t\t<\/ul>\n\n\t\t<\/li>\n\n\t<\/ul>\n<\/div>\n<\/div>\n\t\t\t\t\t\t<\/div>\n\t\t\t\t<\/div>\n\t\t\t\t<div class=\"elementor-element elementor-element-7286845a elementor-widget elementor-widget-spacer\" data-id=\"7286845a\" data-element_type=\"widget\" data-e-type=\"widget\" data-widget_type=\"spacer.default\">\n\t\t\t\t<div class=\"elementor-widget-container\">\n\t\t\t\t\t\t\t<div class=\"elementor-spacer\">\n\t\t\t<div class=\"elementor-spacer-inner\"><\/div>\n\t\t<\/div>\n\t\t\t\t\t\t<\/div>\n\t\t\t\t<\/div>\n\t\t\t\t\t<\/div>\n\t\t<\/div>\n\t\t\t\t\t<\/div>\n\t\t<\/section>\n\t\t\t\t<\/div>\n\t\t<\/div>\n\t\t\t\t\t\t<\/div>\n\t\t\t\t<\/div>\n\t\t\t\t\t<\/div>\n\t\t<\/div>\n\t\t\t\t\t<\/div>\n\t\t<\/section>\n\t\t\t\t<section class=\"elementor-section elementor-top-section elementor-element elementor-element-5531ed70 elementor-section-full_width elementor-section-height-default elementor-section-height-default\" data-id=\"5531ed70\" data-element_type=\"section\" data-e-type=\"section\">\n\t\t\t\t\t\t<div class=\"elementor-container elementor-column-gap-default\">\n\t\t\t\t\t<div class=\"elementor-column elementor-col-50 elementor-top-column elementor-element elementor-element-3ca32386\" data-id=\"3ca32386\" data-element_type=\"column\" data-e-type=\"column\" data-settings=\"{&quot;motion_fx_motion_fx_scrolling&quot;:&quot;yes&quot;,&quot;motion_fx_devices&quot;:[&quot;desktop&quot;,&quot;tablet&quot;,&quot;mobile&quot;]}\">\n\t\t\t<div class=\"elementor-widget-wrap elementor-element-populated\">\n\t\t\t\t<div class=\"elementor-element elementor-element-ac91cea e-flex e-con-boxed e-con e-parent\" data-id=\"ac91cea\" data-element_type=\"container\" data-e-type=\"container\">\n\t\t\t\t\t<div class=\"e-con-inner\">\n\t\t\t\t<div class=\"elementor-element elementor-element-b2c1539 elementor-widget elementor-widget-heading\" data-id=\"b2c1539\" data-element_type=\"widget\" data-e-type=\"widget\" data-widget_type=\"heading.default\">\n\t\t\t\t<div class=\"elementor-widget-container\">\n\t\t\t\t\t<h1 class=\"elementor-heading-title elementor-size-xxl\">Na\u0161i <br>jeziki.<\/h1>\t\t\t\t<\/div>\n\t\t\t\t<\/div>\n\t\t\t\t<div class=\"elementor-element elementor-element-66e9241 elementor-widget elementor-widget-text-editor\" data-id=\"66e9241\" data-element_type=\"widget\" data-e-type=\"widget\" data-widget_type=\"text-editor.default\">\n\t\t\t\t<div class=\"elementor-widget-container\">\n\t\t\t\t\t\t\t\t\t<p>Z na\u0161o izku\u0161eno ekipo in mre\u017eo prevajalcev v ve\u010d kot 50 jezikih ponujamo re\u0161itve, prilagojene va\u0161im individualnim zahtevam. Tudi zapleteni prevodi, kot so npr. iz angle\u0161\u010dine v hrva\u0161\u010dino, za nas niso problem. Zavedamo se pomembnosti va\u0161ih projektov \u2013 zato va\u0161e naro\u010dila opravimo hitro, natan\u010dno in z najve\u010djo skrbnostjo.  <\/p>\t\t\t\t\t\t\t\t<\/div>\n\t\t\t\t<\/div>\n\t\t\t\t<div class=\"elementor-element elementor-element-55093ba elementor-widget elementor-widget-text-editor\" data-id=\"55093ba\" data-element_type=\"widget\" data-e-type=\"widget\" data-widget_type=\"text-editor.default\">\n\t\t\t\t<div class=\"elementor-widget-container\">\n\t\t\t\t\t\t\t\t\t<p><span style=\"font-weight: 400;\">\u017delite prevajati pomemben dokument ali zagotoviti ve\u010djezi\u010dno komunikacijo? Mi vam bomo z veseljem pomagali! <\/span><\/p>\t\t\t\t\t\t\t\t<\/div>\n\t\t\t\t<\/div>\n\t\t\t\t\t<\/div>\n\t\t\t\t<\/div>\n\t\t\t\t\t<\/div>\n\t\t<\/div>\n\t\t\t\t<div class=\"elementor-column elementor-col-50 elementor-top-column elementor-element elementor-element-36e00bff\" data-id=\"36e00bff\" data-element_type=\"column\" data-e-type=\"column\">\n\t\t\t<div class=\"elementor-widget-wrap elementor-element-populated\">\n\t\t\t\t\t\t<div class=\"elementor-element elementor-element-6be2c72 elementor-widget elementor-widget-text-editor\" data-id=\"6be2c72\" data-element_type=\"widget\" data-e-type=\"widget\" data-widget_type=\"text-editor.default\">\n\t\t\t\t<div class=\"elementor-widget-container\">\n\t\t\t\t\t\t\t\t\t<h3>albanski<\/h3><h3>arab\u0161\u010dina<\/h3><h3>armenski<\/h3><h3>bengal\u0161\u010dina<\/h3><h3>bosanski<\/h3><h3>Bolgarsko<\/h3><h3>Kitaj\u0161\u010dina &#8211; mandarinska kitaj\u0161\u010dina<\/h3><h3>danski<\/h3><h3>Dari<\/h3><h3>Nem\u0161\u010dina<\/h3><h3>angle\u0161\u010dina<\/h3>\t\t\t\t\t\t\t\t<\/div>\n\t\t\t\t<\/div>\n\t\t\t\t<div class=\"elementor-element elementor-element-8cf83c9 elementor-widget elementor-widget-n-accordion\" data-id=\"8cf83c9\" data-element_type=\"widget\" data-e-type=\"widget\" data-settings=\"{&quot;default_state&quot;:&quot;all_collapsed&quot;,&quot;max_items_expended&quot;:&quot;one&quot;,&quot;n_accordion_animation_duration&quot;:{&quot;unit&quot;:&quot;ms&quot;,&quot;size&quot;:400,&quot;sizes&quot;:[]}}\" data-widget_type=\"nested-accordion.default\">\n\t\t\t\t<div class=\"elementor-widget-container\">\n\t\t\t\t\t\t\t<div class=\"e-n-accordion\" aria-label=\"Accordion. Open links with Enter or Space, close with Escape, and navigate with Arrow Keys\">\n\t\t\t\t\t\t<details id=\"e-n-accordion-item-1470\" class=\"e-n-accordion-item\" >\n\t\t\t\t<summary class=\"e-n-accordion-item-title\" data-accordion-index=\"1\" tabindex=\"0\" aria-expanded=\"false\" aria-controls=\"e-n-accordion-item-1470\" >\n\t\t\t\t\t<span class='e-n-accordion-item-title-header'><div class=\"e-n-accordion-item-title-text\"> Poka\u017ei vse jezike <\/div><\/span>\n\t\t\t\t\t\t\t<span class='e-n-accordion-item-title-icon'>\n\t\t\t<span class='e-opened' ><i aria-hidden=\"true\" class=\"fas fa-minus\"><\/i><\/span>\n\t\t\t<span class='e-closed'><i aria-hidden=\"true\" class=\"fas fa-plus\"><\/i><\/span>\n\t\t<\/span>\n\n\t\t\t\t\t\t<\/summary>\n\t\t\t\t<div role=\"region\" aria-labelledby=\"e-n-accordion-item-1470\" class=\"elementor-element elementor-element-467c26c e-con-full e-flex e-con e-child\" data-id=\"467c26c\" data-element_type=\"container\" data-e-type=\"container\">\n\t\t\t\t<div class=\"elementor-element elementor-element-0a7625d elementor-widget elementor-widget-text-editor\" data-id=\"0a7625d\" data-element_type=\"widget\" data-e-type=\"widget\" data-widget_type=\"text-editor.default\">\n\t\t\t\t<div class=\"elementor-widget-container\">\n\t\t\t\t\t\t\t\t\t<h3>estonski<\/h3><h3>farsi<\/h3><h3>finski<\/h3><h3>flamski<\/h3><h3>franco\u0161\u010dina<\/h3><h3>gruzinski<\/h3><h3>gr\u0161ki<\/h3><h3>hebrej\u0161\u010dina<\/h3><h3>Hindi<\/h3><h3>italijanski<\/h3><h3>japon\u0161\u010dina<\/h3><h3>korej\u0161\u010dina<\/h3><h3>hrva\u0161ki<\/h3><h3>kurdski<\/h3><h3>latvijski<\/h3><h3>litov\u0161\u010dina<\/h3><h3>makedonski<\/h3><h3>moldavski<\/h3><h3>mongol\u0161\u010dina<\/h3><h3>nepal\u0161\u010dina<\/h3><h3>nizozem\u0161\u010dina<\/h3><h3>norve\u0161ki<\/h3><h3>Avstrijski znakovni jezik<\/h3><h3>pa\u0161tun\u0161\u010dina<\/h3><h3>polj\u0161\u010dina<\/h3><h3>portugal\u0161\u010dina<\/h3><h3>pand\u017eab\u0161\u010dina<\/h3><h3>romun\u0161\u010dina<\/h3><h3>ru\u0161\u010dina<\/h3><h3>\u0161ved\u0161\u010dina<\/h3><h3>srbsko<\/h3><h3>slova\u0161ki<\/h3><h3>sloven\u0161\u010dina<\/h3><h3>Somalijci<\/h3><h3>sorani<\/h3><h3>\u0161pan\u0161\u010dina<\/h3><h3>tajski<\/h3><h3>\u010de\u0161ki<\/h3><h3>tur\u0161ki<\/h3><h3>ukrajinski<\/h3><h3>mad\u017earski<\/h3><h3>urdu<\/h3><h3>vietnamski<\/h3>\t\t\t\t\t\t\t\t<\/div>\n\t\t\t\t<\/div>\n\t\t\t\t<\/div>\n\t\t\t\t\t<\/details>\n\t\t\t\t\t<\/div>\n\t\t\t\t\t\t<\/div>\n\t\t\t\t<\/div>\n\t\t\t\t\t<\/div>\n\t\t<\/div>\n\t\t\t\t\t<\/div>\n\t\t<\/section>\n\t\t\t\t<section class=\"elementor-section elementor-top-section elementor-element elementor-element-7f3ff219 elementor-section-full_width elementor-section-height-default elementor-section-height-default\" data-id=\"7f3ff219\" data-element_type=\"section\" data-e-type=\"section\">\n\t\t\t\t\t\t<div class=\"elementor-container elementor-column-gap-default\">\n\t\t\t\t\t<div class=\"elementor-column elementor-col-33 elementor-top-column elementor-element elementor-element-5169633f\" data-id=\"5169633f\" data-element_type=\"column\" data-e-type=\"column\">\n\t\t\t<div class=\"elementor-widget-wrap elementor-element-populated\">\n\t\t\t\t\t\t<div class=\"elementor-element elementor-element-ae5aaff elementor-widget elementor-widget-spacer\" data-id=\"ae5aaff\" data-element_type=\"widget\" data-e-type=\"widget\" data-widget_type=\"spacer.default\">\n\t\t\t\t<div class=\"elementor-widget-container\">\n\t\t\t\t\t\t\t<div class=\"elementor-spacer\">\n\t\t\t<div class=\"elementor-spacer-inner\"><\/div>\n\t\t<\/div>\n\t\t\t\t\t\t<\/div>\n\t\t\t\t<\/div>\n\t\t\t\t<div class=\"elementor-element elementor-element-34a0e6c4 elementor-widget elementor-widget-heading\" data-id=\"34a0e6c4\" data-element_type=\"widget\" data-e-type=\"widget\" data-widget_type=\"heading.default\">\n\t\t\t\t<div class=\"elementor-widget-container\">\n\t\t\t\t\t<h3 class=\"elementor-heading-title elementor-size-default\">Z veseljem vam svetujemo,\nkatera storitev ustreza va\u0161im potrebam!<\/h3>\t\t\t\t<\/div>\n\t\t\t\t<\/div>\n\t\t\t\t<div class=\"elementor-element elementor-element-36dfb2ec elementor-widget elementor-widget-spacer\" data-id=\"36dfb2ec\" data-element_type=\"widget\" data-e-type=\"widget\" data-widget_type=\"spacer.default\">\n\t\t\t\t<div class=\"elementor-widget-container\">\n\t\t\t\t\t\t\t<div class=\"elementor-spacer\">\n\t\t\t<div class=\"elementor-spacer-inner\"><\/div>\n\t\t<\/div>\n\t\t\t\t\t\t<\/div>\n\t\t\t\t<\/div>\n\t\t\t\t\t<\/div>\n\t\t<\/div>\n\t\t\t\t<div class=\"elementor-column elementor-col-33 elementor-top-column elementor-element elementor-element-598c0fc9\" data-id=\"598c0fc9\" data-element_type=\"column\" data-e-type=\"column\">\n\t\t\t<div class=\"elementor-widget-wrap elementor-element-populated\">\n\t\t\t\t\t\t<div class=\"elementor-element elementor-element-12ccbdcb elementor-widget elementor-widget-spacer\" data-id=\"12ccbdcb\" data-element_type=\"widget\" data-e-type=\"widget\" data-widget_type=\"spacer.default\">\n\t\t\t\t<div class=\"elementor-widget-container\">\n\t\t\t\t\t\t\t<div class=\"elementor-spacer\">\n\t\t\t<div class=\"elementor-spacer-inner\"><\/div>\n\t\t<\/div>\n\t\t\t\t\t\t<\/div>\n\t\t\t\t<\/div>\n\t\t\t\t<div class=\"elementor-element elementor-element-de659c1 elementor-widget elementor-widget-text-editor\" data-id=\"de659c1\" data-element_type=\"widget\" data-e-type=\"widget\" data-widget_type=\"text-editor.default\">\n\t\t\t\t<div class=\"elementor-widget-container\">\n\t\t\t\t\t\t\t\t\t<p>Ne glede na to, kaj \u017eelite povedati ali posredovati, ne glede na to, kateri dokument je treba prevesti \u2013 vemo, kako pomembno je za vas, da so va\u0161a naro\u010dila opravljena hitro, pravilno in skrbno.<\/p>\t\t\t\t\t\t\t\t<\/div>\n\t\t\t\t<\/div>\n\t\t\t\t\t<\/div>\n\t\t<\/div>\n\t\t\t\t<div class=\"elementor-column elementor-col-33 elementor-top-column elementor-element elementor-element-5c7b6336\" data-id=\"5c7b6336\" data-element_type=\"column\" data-e-type=\"column\">\n\t\t\t<div class=\"elementor-widget-wrap elementor-element-populated\">\n\t\t\t\t\t\t<div class=\"elementor-element elementor-element-4d5445fd elementor-widget elementor-widget-spacer\" data-id=\"4d5445fd\" data-element_type=\"widget\" data-e-type=\"widget\" data-widget_type=\"spacer.default\">\n\t\t\t\t<div class=\"elementor-widget-container\">\n\t\t\t\t\t\t\t<div class=\"elementor-spacer\">\n\t\t\t<div class=\"elementor-spacer-inner\"><\/div>\n\t\t<\/div>\n\t\t\t\t\t\t<\/div>\n\t\t\t\t<\/div>\n\t\t\t\t<div class=\"elementor-element elementor-element-67d53e0d elementor-align-right elementor-mobile-align-center elementor-widget elementor-widget-button\" data-id=\"67d53e0d\" data-element_type=\"widget\" data-e-type=\"widget\" data-widget_type=\"button.default\">\n\t\t\t\t<div class=\"elementor-widget-container\">\n\t\t\t\t\t\t\t\t\t<div class=\"elementor-button-wrapper\">\n\t\t\t\t\t<a class=\"elementor-button elementor-button-link elementor-size-sm\" href=\"https:\/\/www.lexika.at\/sl\/kontakt\/\">\n\t\t\t\t\t\t<span class=\"elementor-button-content-wrapper\">\n\t\t\t\t\t\t\t\t\t<span class=\"elementor-button-text\">Brezpla\u010dno povpra\u0161evanje<\/span>\n\t\t\t\t\t<\/span>\n\t\t\t\t\t<\/a>\n\t\t\t\t<\/div>\n\t\t\t\t\t\t\t\t<\/div>\n\t\t\t\t<\/div>\n\t\t\t\t<div class=\"elementor-element elementor-element-c7a6dc4 elementor-hidden-desktop elementor-hidden-tablet elementor-widget elementor-widget-spacer\" data-id=\"c7a6dc4\" data-element_type=\"widget\" data-e-type=\"widget\" data-widget_type=\"spacer.default\">\n\t\t\t\t<div class=\"elementor-widget-container\">\n\t\t\t\t\t\t\t<div class=\"elementor-spacer\">\n\t\t\t<div class=\"elementor-spacer-inner\"><\/div>\n\t\t<\/div>\n\t\t\t\t\t\t<\/div>\n\t\t\t\t<\/div>\n\t\t\t\t\t<\/div>\n\t\t<\/div>\n\t\t\t\t\t<\/div>\n\t\t<\/section>\n\t\t\t\t<\/div>\n\t\t","protected":false},"excerpt":{"rendered":"<p>Na\u0161i jeziki. Z na\u0161o izku\u0161eno ekipo in mre\u017eo prevajalcev v ve\u010d kot 50 jezikih ponujamo re\u0161itve, prilagojene va\u0161im individualnim zahtevam. Tudi zapleteni prevodi, kot so npr.<span class=\"excerpt-hellip\"> [\u2026]<\/span><\/p>\n","protected":false},"author":1,"featured_media":0,"parent":0,"menu_order":30,"comment_status":"closed","ping_status":"closed","template":"","meta":{"footnotes":""},"class_list":["post-2195","page","type-page","status-publish","hentry"],"_links":{"self":[{"href":"https:\/\/www.lexika.at\/sl\/wp-json\/wp\/v2\/pages\/2195","targetHints":{"allow":["GET"]}}],"collection":[{"href":"https:\/\/www.lexika.at\/sl\/wp-json\/wp\/v2\/pages"}],"about":[{"href":"https:\/\/www.lexika.at\/sl\/wp-json\/wp\/v2\/types\/page"}],"author":[{"embeddable":true,"href":"https:\/\/www.lexika.at\/sl\/wp-json\/wp\/v2\/users\/1"}],"replies":[{"embeddable":true,"href":"https:\/\/www.lexika.at\/sl\/wp-json\/wp\/v2\/comments?post=2195"}],"version-history":[{"count":2,"href":"https:\/\/www.lexika.at\/sl\/wp-json\/wp\/v2\/pages\/2195\/revisions"}],"predecessor-version":[{"id":2200,"href":"https:\/\/www.lexika.at\/sl\/wp-json\/wp\/v2\/pages\/2195\/revisions\/2200"}],"wp:attachment":[{"href":"https:\/\/www.lexika.at\/sl\/wp-json\/wp\/v2\/media?parent=2195"}],"curies":[{"name":"wp","href":"https:\/\/api.w.org\/{rel}","templated":true}]}}