{"id":1798,"date":"2025-05-07T14:34:34","date_gmt":"2025-05-07T12:34:34","guid":{"rendered":"https:\/\/www.lexika.at\/nyelveink\/"},"modified":"2025-05-07T14:43:04","modified_gmt":"2025-05-07T12:43:04","slug":"nyelveink","status":"publish","type":"page","link":"https:\/\/www.lexika.at\/hu\/nyelveink\/","title":{"rendered":"Nyelveink"},"content":{"rendered":"\t\t<div data-elementor-type=\"wp-page\" data-elementor-id=\"1798\" class=\"elementor elementor-1798 elementor-35\" data-elementor-post-type=\"page\">\n\t\t\t\t\t\t<section class=\"elementor-section elementor-top-section elementor-element elementor-element-34621328 elementor-section-full_width elementor-section-height-default elementor-section-height-default\" data-id=\"34621328\" data-element_type=\"section\" data-e-type=\"section\" data-settings=\"{&quot;sticky&quot;:&quot;top&quot;,&quot;sticky_offset&quot;:30,&quot;sticky_on&quot;:[&quot;desktop&quot;,&quot;tablet&quot;,&quot;mobile&quot;],&quot;sticky_effects_offset&quot;:0,&quot;sticky_anchor_link_offset&quot;:0}\">\n\t\t\t\t\t\t<div class=\"elementor-container elementor-column-gap-default\">\n\t\t\t\t\t<div class=\"elementor-column elementor-col-100 elementor-top-column elementor-element elementor-element-7e9ef40f\" data-id=\"7e9ef40f\" data-element_type=\"column\" data-e-type=\"column\" data-settings=\"{&quot;background_background&quot;:&quot;classic&quot;}\">\n\t\t\t<div class=\"elementor-widget-wrap elementor-element-populated\">\n\t\t\t\t\t\t<div class=\"elementor-element elementor-element-49cdd4e7 elementor-widget elementor-widget-shortcode\" data-id=\"49cdd4e7\" data-element_type=\"widget\" data-e-type=\"widget\" data-widget_type=\"shortcode.default\">\n\t\t\t\t<div class=\"elementor-widget-container\">\n\t\t\t\t\t\t\t<div class=\"elementor-shortcode\">\t\t<div data-elementor-type=\"section\" data-elementor-id=\"428\" class=\"elementor elementor-428\" data-elementor-post-type=\"elementor_library\">\n\t\t\t\t\t<section class=\"elementor-section elementor-top-section elementor-element elementor-element-1ac840da elementor-section-full_width elementor-section-height-default elementor-section-height-default\" data-id=\"1ac840da\" data-element_type=\"section\" data-e-type=\"section\" data-settings=\"{&quot;background_background&quot;:&quot;classic&quot;,&quot;sticky&quot;:&quot;top&quot;,&quot;sticky_on&quot;:[&quot;desktop&quot;,&quot;tablet&quot;,&quot;mobile&quot;],&quot;sticky_offset&quot;:0,&quot;sticky_effects_offset&quot;:0,&quot;sticky_anchor_link_offset&quot;:0}\">\n\t\t\t\t\t\t<div class=\"elementor-container elementor-column-gap-default\">\n\t\t\t\t\t<div class=\"elementor-column elementor-col-100 elementor-top-column elementor-element elementor-element-6d8f439e\" data-id=\"6d8f439e\" data-element_type=\"column\" data-e-type=\"column\" data-settings=\"{&quot;background_background&quot;:&quot;classic&quot;}\">\n\t\t\t<div class=\"elementor-widget-wrap elementor-element-populated\">\n\t\t\t\t\t\t<div class=\"elementor-element elementor-element-b29550c elementor-widget elementor-widget-shortcode\" data-id=\"b29550c\" data-element_type=\"widget\" data-e-type=\"widget\" data-widget_type=\"shortcode.default\">\n\t\t\t\t<div class=\"elementor-widget-container\">\n\t\t\t\t\t\t\t<div class=\"elementor-shortcode\">\n<div\n\t role=\"navigation\" aria-label=\"Language Switcher\" class=\"wpml-ls-statics-shortcode_actions wpml-ls wpml-ls-legacy-dropdown js-wpml-ls-legacy-dropdown\">\n\t<ul>\n\t\t<li class=\"wpml-ls-slot-shortcode_actions wpml-ls-item wpml-ls-item-hu wpml-ls-current-language wpml-ls-item-legacy-dropdown\">\n\t\t\t<a href=\"#\" hreflang=\"\" lang=\"\" class=\"js-wpml-ls-item-toggle wpml-ls-item-toggle\" aria-current=\"page\" aria-expanded=\"false\" aria-controls=\"wpml-ls-submenu-default\" aria-label=\"Language switcher, press tab to navigate to other languages\" title=\"Switch to Magyar (Magyar)\">\n\t\t\t\t<span class=\"wpml-ls-native\">Magyar<\/span><\/a>\n\n\t\t\t<ul id=\"wpml-ls-submenu-default\" class=\"wpml-ls-sub-menu\">\n\t\t\t\t\n\t\t\t\t\t<li class=\"wpml-ls-slot-shortcode_actions wpml-ls-item wpml-ls-item-de wpml-ls-first-item\">\n\t\t\t\t\t\t<a href=\"https:\/\/www.lexika.at\/\" hreflang=\"de\" lang=\"de\" class=\"wpml-ls-link\" aria-label=\"Switch to N\u00e9met (Deutsch)\" title=\"Switch to N\u00e9met (Deutsch)\">\n\t\t\t\t\t\t\t<span class=\"wpml-ls-native\">Deutsch<\/span><span class=\"wpml-ls-display\"><span class=\"wpml-ls-bracket\">(<\/span>N\u00e9met<span class=\"wpml-ls-bracket\">)<\/span><\/span><\/a>\n\t\t\t\t\t<\/li>\n\n\t\t\t\t\n\t\t\t\t\t<li class=\"wpml-ls-slot-shortcode_actions wpml-ls-item wpml-ls-item-en\">\n\t\t\t\t\t\t<a href=\"https:\/\/www.lexika.at\/en\/\" hreflang=\"en\" lang=\"en\" class=\"wpml-ls-link\" aria-label=\"Switch to Angol (English)\" title=\"Switch to Angol (English)\">\n\t\t\t\t\t\t\t<span class=\"wpml-ls-native\">English<\/span><span class=\"wpml-ls-display\"><span class=\"wpml-ls-bracket\">(<\/span>Angol<span class=\"wpml-ls-bracket\">)<\/span><\/span><\/a>\n\t\t\t\t\t<\/li>\n\n\t\t\t\t\n\t\t\t\t\t<li class=\"wpml-ls-slot-shortcode_actions wpml-ls-item wpml-ls-item-ro\">\n\t\t\t\t\t\t<a href=\"https:\/\/www.lexika.at\/ro\/\" hreflang=\"ro\" lang=\"ro\" class=\"wpml-ls-link\" aria-label=\"Switch to Rom\u00e1n (Rom\u00e2n\u0103)\" title=\"Switch to Rom\u00e1n (Rom\u00e2n\u0103)\">\n\t\t\t\t\t\t\t<span class=\"wpml-ls-native\">Rom\u00e2n\u0103<\/span><span class=\"wpml-ls-display\"><span class=\"wpml-ls-bracket\">(<\/span>Rom\u00e1n<span class=\"wpml-ls-bracket\">)<\/span><\/span><\/a>\n\t\t\t\t\t<\/li>\n\n\t\t\t\t\n\t\t\t\t\t<li class=\"wpml-ls-slot-shortcode_actions wpml-ls-item wpml-ls-item-sr\">\n\t\t\t\t\t\t<a href=\"https:\/\/www.lexika.at\/sr\/\" hreflang=\"sr\" lang=\"sr\" class=\"wpml-ls-link\" aria-label=\"Switch to Szerb (\u0441\u0440\u043f\u0441\u043a\u0438)\" title=\"Switch to Szerb (\u0441\u0440\u043f\u0441\u043a\u0438)\">\n\t\t\t\t\t\t\t<span class=\"wpml-ls-native\">\u0441\u0440\u043f\u0441\u043a\u0438<\/span><span class=\"wpml-ls-display\"><span class=\"wpml-ls-bracket\">(<\/span>Szerb<span class=\"wpml-ls-bracket\">)<\/span><\/span><\/a>\n\t\t\t\t\t<\/li>\n\n\t\t\t\t\n\t\t\t\t\t<li class=\"wpml-ls-slot-shortcode_actions wpml-ls-item wpml-ls-item-ar\">\n\t\t\t\t\t\t<a href=\"https:\/\/www.lexika.at\/ar\/\" hreflang=\"ar\" lang=\"ar\" class=\"wpml-ls-link\" aria-label=\"Switch to Arab (\u0627\u0644\u0639\u0631\u0628\u064a\u0629)\" title=\"Switch to Arab (\u0627\u0644\u0639\u0631\u0628\u064a\u0629)\">\n\t\t\t\t\t\t\t<span class=\"wpml-ls-native\">\u0627\u0644\u0639\u0631\u0628\u064a\u0629<\/span><span class=\"wpml-ls-display\"><span class=\"wpml-ls-bracket\">(<\/span>Arab<span class=\"wpml-ls-bracket\">)<\/span><\/span><\/a>\n\t\t\t\t\t<\/li>\n\n\t\t\t\t\n\t\t\t\t\t<li class=\"wpml-ls-slot-shortcode_actions wpml-ls-item wpml-ls-item-it\">\n\t\t\t\t\t\t<a href=\"https:\/\/www.lexika.at\/it\/\" hreflang=\"it\" lang=\"it\" class=\"wpml-ls-link\" aria-label=\"Switch to Olasz (Italiano)\" title=\"Switch to Olasz (Italiano)\">\n\t\t\t\t\t\t\t<span class=\"wpml-ls-native\">Italiano<\/span><span class=\"wpml-ls-display\"><span class=\"wpml-ls-bracket\">(<\/span>Olasz<span class=\"wpml-ls-bracket\">)<\/span><\/span><\/a>\n\t\t\t\t\t<\/li>\n\n\t\t\t\t\n\t\t\t\t\t<li class=\"wpml-ls-slot-shortcode_actions wpml-ls-item wpml-ls-item-es\">\n\t\t\t\t\t\t<a href=\"https:\/\/www.lexika.at\/es\/\" hreflang=\"es\" lang=\"es\" class=\"wpml-ls-link\" aria-label=\"Switch to Spanyol (Espa\u00f1ol)\" title=\"Switch to Spanyol (Espa\u00f1ol)\">\n\t\t\t\t\t\t\t<span class=\"wpml-ls-native\">Espa\u00f1ol<\/span><span class=\"wpml-ls-display\"><span class=\"wpml-ls-bracket\">(<\/span>Spanyol<span class=\"wpml-ls-bracket\">)<\/span><\/span><\/a>\n\t\t\t\t\t<\/li>\n\n\t\t\t\t\n\t\t\t\t\t<li class=\"wpml-ls-slot-shortcode_actions wpml-ls-item wpml-ls-item-bs\">\n\t\t\t\t\t\t<a href=\"https:\/\/www.lexika.at\/bs\/\" hreflang=\"bs\" lang=\"bs\" class=\"wpml-ls-link\" aria-label=\"Switch to Bosny\u00e1k (Bosnian)\" title=\"Switch to Bosny\u00e1k (Bosnian)\">\n\t\t\t\t\t\t\t<span class=\"wpml-ls-native\">Bosnian<\/span><span class=\"wpml-ls-display\"><span class=\"wpml-ls-bracket\">(<\/span>Bosny\u00e1k<span class=\"wpml-ls-bracket\">)<\/span><\/span><\/a>\n\t\t\t\t\t<\/li>\n\n\t\t\t\t\n\t\t\t\t\t<li class=\"wpml-ls-slot-shortcode_actions wpml-ls-item wpml-ls-item-hr\">\n\t\t\t\t\t\t<a href=\"https:\/\/www.lexika.at\/hr\/\" hreflang=\"hr\" lang=\"hr\" class=\"wpml-ls-link\" aria-label=\"Switch to Horv\u00e1t (Hrvatski)\" title=\"Switch to Horv\u00e1t (Hrvatski)\">\n\t\t\t\t\t\t\t<span class=\"wpml-ls-native\">Hrvatski<\/span><span class=\"wpml-ls-display\"><span class=\"wpml-ls-bracket\">(<\/span>Horv\u00e1t<span class=\"wpml-ls-bracket\">)<\/span><\/span><\/a>\n\t\t\t\t\t<\/li>\n\n\t\t\t\t\n\t\t\t\t\t<li class=\"wpml-ls-slot-shortcode_actions wpml-ls-item wpml-ls-item-uk\">\n\t\t\t\t\t\t<a href=\"https:\/\/www.lexika.at\/uk\/\" hreflang=\"uk\" lang=\"uk\" class=\"wpml-ls-link\" aria-label=\"Switch to Ukr\u00e1n (\u0423\u043a\u0440\u0430\u0457\u043d\u0441\u044c\u043a\u0430)\" title=\"Switch to Ukr\u00e1n (\u0423\u043a\u0440\u0430\u0457\u043d\u0441\u044c\u043a\u0430)\">\n\t\t\t\t\t\t\t<span class=\"wpml-ls-native\">\u0423\u043a\u0440\u0430\u0457\u043d\u0441\u044c\u043a\u0430<\/span><span class=\"wpml-ls-display\"><span class=\"wpml-ls-bracket\">(<\/span>Ukr\u00e1n<span class=\"wpml-ls-bracket\">)<\/span><\/span><\/a>\n\t\t\t\t\t<\/li>\n\n\t\t\t\t\n\t\t\t\t\t<li class=\"wpml-ls-slot-shortcode_actions wpml-ls-item wpml-ls-item-ru\">\n\t\t\t\t\t\t<a href=\"https:\/\/www.lexika.at\/ru\/\" hreflang=\"ru\" lang=\"ru\" class=\"wpml-ls-link\" aria-label=\"Switch to Orosz (\u0420\u0443\u0441\u0441\u043a\u0438\u0439)\" title=\"Switch to Orosz (\u0420\u0443\u0441\u0441\u043a\u0438\u0439)\">\n\t\t\t\t\t\t\t<span class=\"wpml-ls-native\">\u0420\u0443\u0441\u0441\u043a\u0438\u0439<\/span><span class=\"wpml-ls-display\"><span class=\"wpml-ls-bracket\">(<\/span>Orosz<span class=\"wpml-ls-bracket\">)<\/span><\/span><\/a>\n\t\t\t\t\t<\/li>\n\n\t\t\t\t\n\t\t\t\t\t<li class=\"wpml-ls-slot-shortcode_actions wpml-ls-item wpml-ls-item-sl wpml-ls-last-item\">\n\t\t\t\t\t\t<a href=\"https:\/\/www.lexika.at\/sl\/\" hreflang=\"sl\" lang=\"sl\" class=\"wpml-ls-link\" aria-label=\"Switch to Szlov\u00e9n (Sloven\u0161\u010dina)\" title=\"Switch to Szlov\u00e9n (Sloven\u0161\u010dina)\">\n\t\t\t\t\t\t\t<span class=\"wpml-ls-native\">Sloven\u0161\u010dina<\/span><span class=\"wpml-ls-display\"><span class=\"wpml-ls-bracket\">(<\/span>Szlov\u00e9n<span class=\"wpml-ls-bracket\">)<\/span><\/span><\/a>\n\t\t\t\t\t<\/li>\n\n\t\t\t\t\t\t\t<\/ul>\n\n\t\t<\/li>\n\n\t<\/ul>\n<\/div>\n<\/div>\n\t\t\t\t\t\t<\/div>\n\t\t\t\t<\/div>\n\t\t\t\t<div class=\"elementor-element elementor-element-7286845a elementor-widget elementor-widget-spacer\" data-id=\"7286845a\" data-element_type=\"widget\" data-e-type=\"widget\" data-widget_type=\"spacer.default\">\n\t\t\t\t<div class=\"elementor-widget-container\">\n\t\t\t\t\t\t\t<div class=\"elementor-spacer\">\n\t\t\t<div class=\"elementor-spacer-inner\"><\/div>\n\t\t<\/div>\n\t\t\t\t\t\t<\/div>\n\t\t\t\t<\/div>\n\t\t\t\t\t<\/div>\n\t\t<\/div>\n\t\t\t\t\t<\/div>\n\t\t<\/section>\n\t\t\t\t<\/div>\n\t\t<\/div>\n\t\t\t\t\t\t<\/div>\n\t\t\t\t<\/div>\n\t\t\t\t\t<\/div>\n\t\t<\/div>\n\t\t\t\t\t<\/div>\n\t\t<\/section>\n\t\t\t\t<section class=\"elementor-section elementor-top-section elementor-element elementor-element-5531ed70 elementor-section-full_width elementor-section-height-default elementor-section-height-default\" data-id=\"5531ed70\" data-element_type=\"section\" data-e-type=\"section\">\n\t\t\t\t\t\t<div class=\"elementor-container elementor-column-gap-default\">\n\t\t\t\t\t<div class=\"elementor-column elementor-col-50 elementor-top-column elementor-element elementor-element-3ca32386\" data-id=\"3ca32386\" data-element_type=\"column\" data-e-type=\"column\" data-settings=\"{&quot;motion_fx_motion_fx_scrolling&quot;:&quot;yes&quot;,&quot;motion_fx_devices&quot;:[&quot;desktop&quot;,&quot;tablet&quot;,&quot;mobile&quot;]}\">\n\t\t\t<div class=\"elementor-widget-wrap elementor-element-populated\">\n\t\t\t\t<div class=\"elementor-element elementor-element-ac91cea e-flex e-con-boxed e-con e-parent\" data-id=\"ac91cea\" data-element_type=\"container\" data-e-type=\"container\">\n\t\t\t\t\t<div class=\"e-con-inner\">\n\t\t\t\t<div class=\"elementor-element elementor-element-b2c1539 elementor-widget elementor-widget-heading\" data-id=\"b2c1539\" data-element_type=\"widget\" data-e-type=\"widget\" data-widget_type=\"heading.default\">\n\t\t\t\t<div class=\"elementor-widget-container\">\n\t\t\t\t\t<h1 class=\"elementor-heading-title elementor-size-xxl\">Nyelveink.<\/h1>\t\t\t\t<\/div>\n\t\t\t\t<\/div>\n\t\t\t\t<div class=\"elementor-element elementor-element-66e9241 elementor-widget elementor-widget-text-editor\" data-id=\"66e9241\" data-element_type=\"widget\" data-e-type=\"widget\" data-widget_type=\"text-editor.default\">\n\t\t\t\t<div class=\"elementor-widget-container\">\n\t\t\t\t\t\t\t\t\t<p>Tapasztalt csapatunk \u00e9s t\u00f6bb mint 50 nyelven dolgoz\u00f3 ford\u00edt\u00f3i h\u00e1l\u00f3zatunk seg\u00edts\u00e9g\u00e9vel szem\u00e9lyre szabott megold\u00e1sokat k\u00edn\u00e1lunk az \u00d6n egyedi ig\u00e9nyeihez. M\u00e9g az \u00f6sszetett keresztford\u00edt\u00e1sok, p\u00e9ld\u00e1ul angolr\u00f3l horv\u00e1tra, sem jelentenek sz\u00e1munkra probl\u00e9m\u00e1t. Tudjuk, hogy mennyire fontosak az \u00d6n projektjei &#8211; \u00edgy megrendel\u00e9seit gyorsan, helyesen \u00e9s a legnagyobb gondoss\u00e1ggal teljes\u00edtj\u00fck.  <\/p>\t\t\t\t\t\t\t\t<\/div>\n\t\t\t\t<\/div>\n\t\t\t\t<div class=\"elementor-element elementor-element-55093ba elementor-widget elementor-widget-text-editor\" data-id=\"55093ba\" data-element_type=\"widget\" data-e-type=\"widget\" data-widget_type=\"text-editor.default\">\n\t\t\t\t<div class=\"elementor-widget-container\">\n\t\t\t\t\t\t\t\t\t<p><span style=\"font-weight: 400;\">Szeretne egy fontos dokumentumot leford\u00edttatni vagy t\u00f6bbnyelv\u0171 kommunik\u00e1ci\u00f3t biztos\u00edtani? Seg\u00edts\u00e9g\u00e9vel \u00e9s tan\u00e1csaival \u00e1llunk rendelkez\u00e9s\u00e9re! <\/span><\/p>\t\t\t\t\t\t\t\t<\/div>\n\t\t\t\t<\/div>\n\t\t\t\t\t<\/div>\n\t\t\t\t<\/div>\n\t\t\t\t\t<\/div>\n\t\t<\/div>\n\t\t\t\t<div class=\"elementor-column elementor-col-50 elementor-top-column elementor-element elementor-element-36e00bff\" data-id=\"36e00bff\" data-element_type=\"column\" data-e-type=\"column\">\n\t\t\t<div class=\"elementor-widget-wrap elementor-element-populated\">\n\t\t\t\t\t\t<div class=\"elementor-element elementor-element-6be2c72 elementor-widget elementor-widget-text-editor\" data-id=\"6be2c72\" data-element_type=\"widget\" data-e-type=\"widget\" data-widget_type=\"text-editor.default\">\n\t\t\t\t<div class=\"elementor-widget-container\">\n\t\t\t\t\t\t\t\t\t<h3>alb\u00e1n<\/h3><h3>arab<\/h3><h3>\u00f6rm\u00e9ny<\/h3><h3>beng\u00e1li<\/h3><h3>bosny\u00e1k<\/h3><h3>bolg\u00e1r<\/h3><h3>k\u00ednai &#8211; mandarin<\/h3><h3>d\u00e1n<\/h3><h3>dari<\/h3><h3>n\u00e9met<\/h3><h3>angol<\/h3>\t\t\t\t\t\t\t\t<\/div>\n\t\t\t\t<\/div>\n\t\t\t\t<div class=\"elementor-element elementor-element-8cf83c9 elementor-widget elementor-widget-n-accordion\" data-id=\"8cf83c9\" data-element_type=\"widget\" data-e-type=\"widget\" data-settings=\"{&quot;default_state&quot;:&quot;all_collapsed&quot;,&quot;max_items_expended&quot;:&quot;one&quot;,&quot;n_accordion_animation_duration&quot;:{&quot;unit&quot;:&quot;ms&quot;,&quot;size&quot;:400,&quot;sizes&quot;:[]}}\" data-widget_type=\"nested-accordion.default\">\n\t\t\t\t<div class=\"elementor-widget-container\">\n\t\t\t\t\t\t\t<div class=\"e-n-accordion\" aria-label=\"Accordion. Open links with Enter or Space, close with Escape, and navigate with Arrow Keys\">\n\t\t\t\t\t\t<details id=\"e-n-accordion-item-1470\" class=\"e-n-accordion-item\" >\n\t\t\t\t<summary class=\"e-n-accordion-item-title\" data-accordion-index=\"1\" tabindex=\"0\" aria-expanded=\"false\" aria-controls=\"e-n-accordion-item-1470\" >\n\t\t\t\t\t<span class='e-n-accordion-item-title-header'><div class=\"e-n-accordion-item-title-text\"> minden nyelv megjelen\u00edt\u00e9se <\/div><\/span>\n\t\t\t\t\t\t\t<span class='e-n-accordion-item-title-icon'>\n\t\t\t<span class='e-opened' ><i aria-hidden=\"true\" class=\"fas fa-minus\"><\/i><\/span>\n\t\t\t<span class='e-closed'><i aria-hidden=\"true\" class=\"fas fa-plus\"><\/i><\/span>\n\t\t<\/span>\n\n\t\t\t\t\t\t<\/summary>\n\t\t\t\t<div role=\"region\" aria-labelledby=\"e-n-accordion-item-1470\" class=\"elementor-element elementor-element-467c26c e-con-full e-flex e-con e-child\" data-id=\"467c26c\" data-element_type=\"container\" data-e-type=\"container\">\n\t\t\t\t<div class=\"elementor-element elementor-element-0a7625d elementor-widget elementor-widget-text-editor\" data-id=\"0a7625d\" data-element_type=\"widget\" data-e-type=\"widget\" data-widget_type=\"text-editor.default\">\n\t\t\t\t<div class=\"elementor-widget-container\">\n\t\t\t\t\t\t\t\t\t<h3>Estnisch<\/h3><h3>Farsi<\/h3><h3>Finnisch<\/h3><h3>Fl\u00e4misch<\/h3><h3>Franz\u00f6sisch<\/h3><h3>Georgisch<\/h3><h3>Griechisch<\/h3><h3>Hebr\u00e4isch<\/h3><h3>Hindi<\/h3><h3>Italienisch<\/h3><h3>Japanisch<\/h3><h3>Koreanisch<\/h3><h3>Kroatisch<\/h3><h3>Kurdisch<\/h3><h3>Lettisch<\/h3><h3>Litauisch<\/h3><h3>Mazedonisch<\/h3><h3>Moldawisch<\/h3><h3>Mongolisch<\/h3><h3>Nepalesisch<\/h3><h3>Niederl\u00e4ndisch<\/h3><h3>Norwegisch<\/h3><h3>\u00d6sterreichische Geb\u00e4rdensprache<\/h3><h3>Paschtu<\/h3><h3>Polnisch<\/h3><h3>Portugiesisch<\/h3><h3>Punjabi<\/h3><h3>Rum\u00e4nisch<\/h3><h3>Russisch<\/h3><h3>Schwedisch<\/h3><h3>Serbisch<\/h3><h3>Slowakisch<\/h3><h3>Slowenisch<\/h3><h3>Somali<\/h3><h3>Sorani<\/h3><h3>Spanisch<\/h3><h3>Thail\u00e4ndisch<\/h3><h3>Tschechisch<\/h3><h3>T\u00fcrkisch<\/h3><h3>Ukrainisch<\/h3><h3>Ungarisch<\/h3><h3>Urdu<\/h3><h3>Vietnamesisch<\/h3>\t\t\t\t\t\t\t\t<\/div>\n\t\t\t\t<\/div>\n\t\t\t\t<\/div>\n\t\t\t\t\t<\/details>\n\t\t\t\t\t<\/div>\n\t\t\t\t\t\t<\/div>\n\t\t\t\t<\/div>\n\t\t\t\t\t<\/div>\n\t\t<\/div>\n\t\t\t\t\t<\/div>\n\t\t<\/section>\n\t\t\t\t<section class=\"elementor-section elementor-top-section elementor-element elementor-element-7f3ff219 elementor-section-full_width elementor-section-height-default elementor-section-height-default\" data-id=\"7f3ff219\" data-element_type=\"section\" data-e-type=\"section\">\n\t\t\t\t\t\t<div class=\"elementor-container elementor-column-gap-default\">\n\t\t\t\t\t<div class=\"elementor-column elementor-col-33 elementor-top-column elementor-element elementor-element-5169633f\" data-id=\"5169633f\" data-element_type=\"column\" data-e-type=\"column\">\n\t\t\t<div class=\"elementor-widget-wrap elementor-element-populated\">\n\t\t\t\t\t\t<div class=\"elementor-element elementor-element-ae5aaff elementor-widget elementor-widget-spacer\" data-id=\"ae5aaff\" data-element_type=\"widget\" data-e-type=\"widget\" data-widget_type=\"spacer.default\">\n\t\t\t\t<div class=\"elementor-widget-container\">\n\t\t\t\t\t\t\t<div class=\"elementor-spacer\">\n\t\t\t<div class=\"elementor-spacer-inner\"><\/div>\n\t\t<\/div>\n\t\t\t\t\t\t<\/div>\n\t\t\t\t<\/div>\n\t\t\t\t<div class=\"elementor-element elementor-element-34a0e6c4 elementor-widget elementor-widget-heading\" data-id=\"34a0e6c4\" data-element_type=\"widget\" data-e-type=\"widget\" data-widget_type=\"heading.default\">\n\t\t\t\t<div class=\"elementor-widget-container\">\n\t\t\t\t\t<h3 class=\"elementor-heading-title elementor-size-default\">Sz\u00edvesen adunk tan\u00e1csot, \nhogy melyik szolg\u00e1ltat\u00e1s felel meg az \u00d6n ig\u00e9nyeinek! B\u00e1rmit is szeretne mondani vagy k\u00f6zvet\u00edteni, b\u00e1rmilyen dokumentumot is kell leford\u00edtani - mi tudjuk, mennyire fontos \u00d6nnek, hogy megb\u00edz\u00e1sa gyorsan, pontosan \u00e9s gondosan elk\u00e9sz\u00fclj\u00f6n.<\/h3>\t\t\t\t<\/div>\n\t\t\t\t<\/div>\n\t\t\t\t<div class=\"elementor-element elementor-element-36dfb2ec elementor-widget elementor-widget-spacer\" data-id=\"36dfb2ec\" data-element_type=\"widget\" data-e-type=\"widget\" data-widget_type=\"spacer.default\">\n\t\t\t\t<div class=\"elementor-widget-container\">\n\t\t\t\t\t\t\t<div class=\"elementor-spacer\">\n\t\t\t<div class=\"elementor-spacer-inner\"><\/div>\n\t\t<\/div>\n\t\t\t\t\t\t<\/div>\n\t\t\t\t<\/div>\n\t\t\t\t\t<\/div>\n\t\t<\/div>\n\t\t\t\t<div class=\"elementor-column elementor-col-33 elementor-top-column elementor-element elementor-element-598c0fc9\" data-id=\"598c0fc9\" data-element_type=\"column\" data-e-type=\"column\">\n\t\t\t<div class=\"elementor-widget-wrap elementor-element-populated\">\n\t\t\t\t\t\t<div class=\"elementor-element elementor-element-12ccbdcb elementor-widget elementor-widget-spacer\" data-id=\"12ccbdcb\" data-element_type=\"widget\" data-e-type=\"widget\" data-widget_type=\"spacer.default\">\n\t\t\t\t<div class=\"elementor-widget-container\">\n\t\t\t\t\t\t\t<div class=\"elementor-spacer\">\n\t\t\t<div class=\"elementor-spacer-inner\"><\/div>\n\t\t<\/div>\n\t\t\t\t\t\t<\/div>\n\t\t\t\t<\/div>\n\t\t\t\t<div class=\"elementor-element elementor-element-de659c1 elementor-widget elementor-widget-text-editor\" data-id=\"de659c1\" data-element_type=\"widget\" data-e-type=\"widget\" data-widget_type=\"text-editor.default\">\n\t\t\t\t<div class=\"elementor-widget-container\">\n\t\t\t\t\t\t\t\t\t<p>B\u00e1rmit is szeretne mondani vagy k\u00f6zvet\u00edteni, b\u00e1rmilyen dokumentumot is szeretne leford\u00edttatni, tudjuk, mennyire fontos \u00d6nnek, hogy munk\u00e1j\u00e1t gyorsan, pontosan \u00e9s gondosan v\u00e9gezz\u00fck el.<\/p>\t\t\t\t\t\t\t\t<\/div>\n\t\t\t\t<\/div>\n\t\t\t\t\t<\/div>\n\t\t<\/div>\n\t\t\t\t<div class=\"elementor-column elementor-col-33 elementor-top-column elementor-element elementor-element-5c7b6336\" data-id=\"5c7b6336\" data-element_type=\"column\" data-e-type=\"column\">\n\t\t\t<div class=\"elementor-widget-wrap elementor-element-populated\">\n\t\t\t\t\t\t<div class=\"elementor-element elementor-element-4d5445fd elementor-widget elementor-widget-spacer\" data-id=\"4d5445fd\" data-element_type=\"widget\" data-e-type=\"widget\" data-widget_type=\"spacer.default\">\n\t\t\t\t<div class=\"elementor-widget-container\">\n\t\t\t\t\t\t\t<div class=\"elementor-spacer\">\n\t\t\t<div class=\"elementor-spacer-inner\"><\/div>\n\t\t<\/div>\n\t\t\t\t\t\t<\/div>\n\t\t\t\t<\/div>\n\t\t\t\t<div class=\"elementor-element elementor-element-67d53e0d elementor-align-right elementor-mobile-align-center elementor-widget elementor-widget-button\" data-id=\"67d53e0d\" data-element_type=\"widget\" data-e-type=\"widget\" data-widget_type=\"button.default\">\n\t\t\t\t<div class=\"elementor-widget-container\">\n\t\t\t\t\t\t\t\t\t<div class=\"elementor-button-wrapper\">\n\t\t\t\t\t<a class=\"elementor-button elementor-button-link elementor-size-sm\" href=\"https:\/\/www.lexika.at\/hu\/kapcsolat\/\">\n\t\t\t\t\t\t<span class=\"elementor-button-content-wrapper\">\n\t\t\t\t\t\t\t\t\t<span class=\"elementor-button-text\">Ingyenes aj\u00e1nlatk\u00e9sz\u00edt\u00e9s<\/span>\n\t\t\t\t\t<\/span>\n\t\t\t\t\t<\/a>\n\t\t\t\t<\/div>\n\t\t\t\t\t\t\t\t<\/div>\n\t\t\t\t<\/div>\n\t\t\t\t<div class=\"elementor-element elementor-element-c7a6dc4 elementor-hidden-desktop elementor-hidden-tablet elementor-widget elementor-widget-spacer\" data-id=\"c7a6dc4\" data-element_type=\"widget\" data-e-type=\"widget\" data-widget_type=\"spacer.default\">\n\t\t\t\t<div class=\"elementor-widget-container\">\n\t\t\t\t\t\t\t<div class=\"elementor-spacer\">\n\t\t\t<div class=\"elementor-spacer-inner\"><\/div>\n\t\t<\/div>\n\t\t\t\t\t\t<\/div>\n\t\t\t\t<\/div>\n\t\t\t\t\t<\/div>\n\t\t<\/div>\n\t\t\t\t\t<\/div>\n\t\t<\/section>\n\t\t\t\t<\/div>\n\t\t","protected":false},"excerpt":{"rendered":"<p>Nyelveink. Tapasztalt csapatunk \u00e9s t\u00f6bb mint 50 nyelven dolgoz\u00f3 ford\u00edt\u00f3i h\u00e1l\u00f3zatunk seg\u00edts\u00e9g\u00e9vel szem\u00e9lyre szabott megold\u00e1sokat k\u00edn\u00e1lunk az \u00d6n egyedi ig\u00e9nyeihez. M\u00e9g az \u00f6sszetett keresztford\u00edt\u00e1sok, p\u00e9ld\u00e1ul angolr\u00f3l<span class=\"excerpt-hellip\"> [\u2026]<\/span><\/p>\n","protected":false},"author":1,"featured_media":0,"parent":0,"menu_order":30,"comment_status":"closed","ping_status":"closed","template":"","meta":{"footnotes":""},"class_list":["post-1798","page","type-page","status-publish","hentry"],"_links":{"self":[{"href":"https:\/\/www.lexika.at\/hu\/wp-json\/wp\/v2\/pages\/1798","targetHints":{"allow":["GET"]}}],"collection":[{"href":"https:\/\/www.lexika.at\/hu\/wp-json\/wp\/v2\/pages"}],"about":[{"href":"https:\/\/www.lexika.at\/hu\/wp-json\/wp\/v2\/types\/page"}],"author":[{"embeddable":true,"href":"https:\/\/www.lexika.at\/hu\/wp-json\/wp\/v2\/users\/1"}],"replies":[{"embeddable":true,"href":"https:\/\/www.lexika.at\/hu\/wp-json\/wp\/v2\/comments?post=1798"}],"version-history":[{"count":2,"href":"https:\/\/www.lexika.at\/hu\/wp-json\/wp\/v2\/pages\/1798\/revisions"}],"predecessor-version":[{"id":1803,"href":"https:\/\/www.lexika.at\/hu\/wp-json\/wp\/v2\/pages\/1798\/revisions\/1803"}],"wp:attachment":[{"href":"https:\/\/www.lexika.at\/hu\/wp-json\/wp\/v2\/media?parent=1798"}],"curies":[{"name":"wp","href":"https:\/\/api.w.org\/{rel}","templated":true}]}}