{"id":1786,"date":"2025-05-07T12:32:53","date_gmt":"2025-05-07T10:32:53","guid":{"rendered":"https:\/\/www.lexika.at\/nuestras-lenguas\/"},"modified":"2025-05-07T13:09:12","modified_gmt":"2025-05-07T11:09:12","slug":"nuestras-lenguas","status":"publish","type":"page","link":"https:\/\/www.lexika.at\/es\/nuestras-lenguas\/","title":{"rendered":"Nuestras lenguas"},"content":{"rendered":"\t\t<div data-elementor-type=\"wp-page\" data-elementor-id=\"1786\" class=\"elementor elementor-1786 elementor-35\" data-elementor-post-type=\"page\">\n\t\t\t\t\t\t<section class=\"elementor-section elementor-top-section elementor-element elementor-element-34621328 elementor-section-full_width elementor-section-height-default elementor-section-height-default\" data-id=\"34621328\" data-element_type=\"section\" data-e-type=\"section\" data-settings=\"{&quot;sticky&quot;:&quot;top&quot;,&quot;sticky_offset&quot;:30,&quot;sticky_on&quot;:[&quot;desktop&quot;,&quot;tablet&quot;,&quot;mobile&quot;],&quot;sticky_effects_offset&quot;:0,&quot;sticky_anchor_link_offset&quot;:0}\">\n\t\t\t\t\t\t<div class=\"elementor-container elementor-column-gap-default\">\n\t\t\t\t\t<div class=\"elementor-column elementor-col-100 elementor-top-column elementor-element elementor-element-7e9ef40f\" data-id=\"7e9ef40f\" data-element_type=\"column\" data-e-type=\"column\" data-settings=\"{&quot;background_background&quot;:&quot;classic&quot;}\">\n\t\t\t<div class=\"elementor-widget-wrap elementor-element-populated\">\n\t\t\t\t\t\t<div class=\"elementor-element elementor-element-49cdd4e7 elementor-widget elementor-widget-shortcode\" data-id=\"49cdd4e7\" data-element_type=\"widget\" data-e-type=\"widget\" data-widget_type=\"shortcode.default\">\n\t\t\t\t<div class=\"elementor-widget-container\">\n\t\t\t\t\t\t\t<div class=\"elementor-shortcode\">\t\t<div data-elementor-type=\"section\" data-elementor-id=\"428\" class=\"elementor elementor-428\" data-elementor-post-type=\"elementor_library\">\n\t\t\t\t\t<section class=\"elementor-section elementor-top-section elementor-element elementor-element-1ac840da elementor-section-full_width elementor-section-height-default elementor-section-height-default\" data-id=\"1ac840da\" data-element_type=\"section\" data-e-type=\"section\" data-settings=\"{&quot;background_background&quot;:&quot;classic&quot;,&quot;sticky&quot;:&quot;top&quot;,&quot;sticky_on&quot;:[&quot;desktop&quot;,&quot;tablet&quot;,&quot;mobile&quot;],&quot;sticky_offset&quot;:0,&quot;sticky_effects_offset&quot;:0,&quot;sticky_anchor_link_offset&quot;:0}\">\n\t\t\t\t\t\t<div class=\"elementor-container elementor-column-gap-default\">\n\t\t\t\t\t<div class=\"elementor-column elementor-col-100 elementor-top-column elementor-element elementor-element-6d8f439e\" data-id=\"6d8f439e\" data-element_type=\"column\" data-e-type=\"column\" data-settings=\"{&quot;background_background&quot;:&quot;classic&quot;}\">\n\t\t\t<div class=\"elementor-widget-wrap elementor-element-populated\">\n\t\t\t\t\t\t<div class=\"elementor-element elementor-element-b29550c elementor-widget elementor-widget-shortcode\" data-id=\"b29550c\" data-element_type=\"widget\" data-e-type=\"widget\" data-widget_type=\"shortcode.default\">\n\t\t\t\t<div class=\"elementor-widget-container\">\n\t\t\t\t\t\t\t<div class=\"elementor-shortcode\">\n<div\n\t role=\"navigation\" aria-label=\"Selector de idioma\" class=\"wpml-ls-statics-shortcode_actions wpml-ls wpml-ls-legacy-dropdown js-wpml-ls-legacy-dropdown\">\n\t<ul>\n\t\t<li class=\"wpml-ls-slot-shortcode_actions wpml-ls-item wpml-ls-item-es wpml-ls-current-language wpml-ls-item-legacy-dropdown\">\n\t\t\t<a href=\"#\" hreflang=\"\" lang=\"\" class=\"js-wpml-ls-item-toggle wpml-ls-item-toggle\" aria-current=\"page\" aria-expanded=\"false\" aria-controls=\"wpml-ls-submenu-default\" aria-label=\"Selector de idioma, pulse tab para navegar a otros idiomas\" title=\"Cambiar a Espa\u00f1ol (Espa\u00f1ol)\">\n\t\t\t\t<span class=\"wpml-ls-native\">Espa\u00f1ol<\/span><\/a>\n\n\t\t\t<ul id=\"wpml-ls-submenu-default\" class=\"wpml-ls-sub-menu\">\n\t\t\t\t\n\t\t\t\t\t<li class=\"wpml-ls-slot-shortcode_actions wpml-ls-item wpml-ls-item-de wpml-ls-first-item\">\n\t\t\t\t\t\t<a href=\"https:\/\/www.lexika.at\/\" hreflang=\"de\" lang=\"de\" class=\"wpml-ls-link\" aria-label=\"Cambiar a Alem\u00e1n (Deutsch)\" title=\"Cambiar a Alem\u00e1n (Deutsch)\">\n\t\t\t\t\t\t\t<span class=\"wpml-ls-native\">Deutsch<\/span><span class=\"wpml-ls-display\"><span class=\"wpml-ls-bracket\">(<\/span>Alem\u00e1n<span class=\"wpml-ls-bracket\">)<\/span><\/span><\/a>\n\t\t\t\t\t<\/li>\n\n\t\t\t\t\n\t\t\t\t\t<li class=\"wpml-ls-slot-shortcode_actions wpml-ls-item wpml-ls-item-en\">\n\t\t\t\t\t\t<a href=\"https:\/\/www.lexika.at\/en\/\" hreflang=\"en\" lang=\"en\" class=\"wpml-ls-link\" aria-label=\"Cambiar a Ingl\u00e9s (English)\" title=\"Cambiar a Ingl\u00e9s (English)\">\n\t\t\t\t\t\t\t<span class=\"wpml-ls-native\">English<\/span><span class=\"wpml-ls-display\"><span class=\"wpml-ls-bracket\">(<\/span>Ingl\u00e9s<span class=\"wpml-ls-bracket\">)<\/span><\/span><\/a>\n\t\t\t\t\t<\/li>\n\n\t\t\t\t\n\t\t\t\t\t<li class=\"wpml-ls-slot-shortcode_actions wpml-ls-item wpml-ls-item-ro\">\n\t\t\t\t\t\t<a href=\"https:\/\/www.lexika.at\/ro\/\" hreflang=\"ro\" lang=\"ro\" class=\"wpml-ls-link\" aria-label=\"Cambiar a Rumano (Rom\u00e2n\u0103)\" title=\"Cambiar a Rumano (Rom\u00e2n\u0103)\">\n\t\t\t\t\t\t\t<span class=\"wpml-ls-native\">Rom\u00e2n\u0103<\/span><span class=\"wpml-ls-display\"><span class=\"wpml-ls-bracket\">(<\/span>Rumano<span class=\"wpml-ls-bracket\">)<\/span><\/span><\/a>\n\t\t\t\t\t<\/li>\n\n\t\t\t\t\n\t\t\t\t\t<li class=\"wpml-ls-slot-shortcode_actions wpml-ls-item wpml-ls-item-sr\">\n\t\t\t\t\t\t<a href=\"https:\/\/www.lexika.at\/sr\/\" hreflang=\"sr\" lang=\"sr\" class=\"wpml-ls-link\" aria-label=\"Cambiar a Serbio (\u0441\u0440\u043f\u0441\u043a\u0438)\" title=\"Cambiar a Serbio (\u0441\u0440\u043f\u0441\u043a\u0438)\">\n\t\t\t\t\t\t\t<span class=\"wpml-ls-native\">\u0441\u0440\u043f\u0441\u043a\u0438<\/span><span class=\"wpml-ls-display\"><span class=\"wpml-ls-bracket\">(<\/span>Serbio<span class=\"wpml-ls-bracket\">)<\/span><\/span><\/a>\n\t\t\t\t\t<\/li>\n\n\t\t\t\t\n\t\t\t\t\t<li class=\"wpml-ls-slot-shortcode_actions wpml-ls-item wpml-ls-item-ar\">\n\t\t\t\t\t\t<a href=\"https:\/\/www.lexika.at\/ar\/\" hreflang=\"ar\" lang=\"ar\" class=\"wpml-ls-link\" aria-label=\"Cambiar a \u00c1rabe (\u0627\u0644\u0639\u0631\u0628\u064a\u0629)\" title=\"Cambiar a \u00c1rabe (\u0627\u0644\u0639\u0631\u0628\u064a\u0629)\">\n\t\t\t\t\t\t\t<span class=\"wpml-ls-native\">\u0627\u0644\u0639\u0631\u0628\u064a\u0629<\/span><span class=\"wpml-ls-display\"><span class=\"wpml-ls-bracket\">(<\/span>\u00c1rabe<span class=\"wpml-ls-bracket\">)<\/span><\/span><\/a>\n\t\t\t\t\t<\/li>\n\n\t\t\t\t\n\t\t\t\t\t<li class=\"wpml-ls-slot-shortcode_actions wpml-ls-item wpml-ls-item-hu\">\n\t\t\t\t\t\t<a href=\"https:\/\/www.lexika.at\/hu\/\" hreflang=\"hu\" lang=\"hu\" class=\"wpml-ls-link\" aria-label=\"Cambiar a H\u00fangaro (Magyar)\" title=\"Cambiar a H\u00fangaro (Magyar)\">\n\t\t\t\t\t\t\t<span class=\"wpml-ls-native\">Magyar<\/span><span class=\"wpml-ls-display\"><span class=\"wpml-ls-bracket\">(<\/span>H\u00fangaro<span class=\"wpml-ls-bracket\">)<\/span><\/span><\/a>\n\t\t\t\t\t<\/li>\n\n\t\t\t\t\n\t\t\t\t\t<li class=\"wpml-ls-slot-shortcode_actions wpml-ls-item wpml-ls-item-it\">\n\t\t\t\t\t\t<a href=\"https:\/\/www.lexika.at\/it\/\" hreflang=\"it\" lang=\"it\" class=\"wpml-ls-link\" aria-label=\"Cambiar a Italiano (Italiano)\" title=\"Cambiar a Italiano (Italiano)\">\n\t\t\t\t\t\t\t<span class=\"wpml-ls-native\">Italiano<\/span><\/a>\n\t\t\t\t\t<\/li>\n\n\t\t\t\t\n\t\t\t\t\t<li class=\"wpml-ls-slot-shortcode_actions wpml-ls-item wpml-ls-item-bs\">\n\t\t\t\t\t\t<a href=\"https:\/\/www.lexika.at\/bs\/\" hreflang=\"bs\" lang=\"bs\" class=\"wpml-ls-link\" aria-label=\"Cambiar a Bosnio (Bosnian)\" title=\"Cambiar a Bosnio (Bosnian)\">\n\t\t\t\t\t\t\t<span class=\"wpml-ls-native\">Bosnian<\/span><span class=\"wpml-ls-display\"><span class=\"wpml-ls-bracket\">(<\/span>Bosnio<span class=\"wpml-ls-bracket\">)<\/span><\/span><\/a>\n\t\t\t\t\t<\/li>\n\n\t\t\t\t\n\t\t\t\t\t<li class=\"wpml-ls-slot-shortcode_actions wpml-ls-item wpml-ls-item-hr\">\n\t\t\t\t\t\t<a href=\"https:\/\/www.lexika.at\/hr\/\" hreflang=\"hr\" lang=\"hr\" class=\"wpml-ls-link\" aria-label=\"Cambiar a Croata (Hrvatski)\" title=\"Cambiar a Croata (Hrvatski)\">\n\t\t\t\t\t\t\t<span class=\"wpml-ls-native\">Hrvatski<\/span><span class=\"wpml-ls-display\"><span class=\"wpml-ls-bracket\">(<\/span>Croata<span class=\"wpml-ls-bracket\">)<\/span><\/span><\/a>\n\t\t\t\t\t<\/li>\n\n\t\t\t\t\n\t\t\t\t\t<li class=\"wpml-ls-slot-shortcode_actions wpml-ls-item wpml-ls-item-uk\">\n\t\t\t\t\t\t<a href=\"https:\/\/www.lexika.at\/uk\/\" hreflang=\"uk\" lang=\"uk\" class=\"wpml-ls-link\" aria-label=\"Cambiar a Ucraniano (\u0423\u043a\u0440\u0430\u0457\u043d\u0441\u044c\u043a\u0430)\" title=\"Cambiar a Ucraniano (\u0423\u043a\u0440\u0430\u0457\u043d\u0441\u044c\u043a\u0430)\">\n\t\t\t\t\t\t\t<span class=\"wpml-ls-native\">\u0423\u043a\u0440\u0430\u0457\u043d\u0441\u044c\u043a\u0430<\/span><span class=\"wpml-ls-display\"><span class=\"wpml-ls-bracket\">(<\/span>Ucraniano<span class=\"wpml-ls-bracket\">)<\/span><\/span><\/a>\n\t\t\t\t\t<\/li>\n\n\t\t\t\t\n\t\t\t\t\t<li class=\"wpml-ls-slot-shortcode_actions wpml-ls-item wpml-ls-item-ru\">\n\t\t\t\t\t\t<a href=\"https:\/\/www.lexika.at\/ru\/\" hreflang=\"ru\" lang=\"ru\" class=\"wpml-ls-link\" aria-label=\"Cambiar a Ruso (\u0420\u0443\u0441\u0441\u043a\u0438\u0439)\" title=\"Cambiar a Ruso (\u0420\u0443\u0441\u0441\u043a\u0438\u0439)\">\n\t\t\t\t\t\t\t<span class=\"wpml-ls-native\">\u0420\u0443\u0441\u0441\u043a\u0438\u0439<\/span><span class=\"wpml-ls-display\"><span class=\"wpml-ls-bracket\">(<\/span>Ruso<span class=\"wpml-ls-bracket\">)<\/span><\/span><\/a>\n\t\t\t\t\t<\/li>\n\n\t\t\t\t\n\t\t\t\t\t<li class=\"wpml-ls-slot-shortcode_actions wpml-ls-item wpml-ls-item-sl wpml-ls-last-item\">\n\t\t\t\t\t\t<a href=\"https:\/\/www.lexika.at\/sl\/\" hreflang=\"sl\" lang=\"sl\" class=\"wpml-ls-link\" aria-label=\"Cambiar a Esloveno (Sloven\u0161\u010dina)\" title=\"Cambiar a Esloveno (Sloven\u0161\u010dina)\">\n\t\t\t\t\t\t\t<span class=\"wpml-ls-native\">Sloven\u0161\u010dina<\/span><span class=\"wpml-ls-display\"><span class=\"wpml-ls-bracket\">(<\/span>Esloveno<span class=\"wpml-ls-bracket\">)<\/span><\/span><\/a>\n\t\t\t\t\t<\/li>\n\n\t\t\t\t\t\t\t<\/ul>\n\n\t\t<\/li>\n\n\t<\/ul>\n<\/div>\n<\/div>\n\t\t\t\t\t\t<\/div>\n\t\t\t\t<\/div>\n\t\t\t\t<div class=\"elementor-element elementor-element-7286845a elementor-widget elementor-widget-spacer\" data-id=\"7286845a\" data-element_type=\"widget\" data-e-type=\"widget\" data-widget_type=\"spacer.default\">\n\t\t\t\t<div class=\"elementor-widget-container\">\n\t\t\t\t\t\t\t<div class=\"elementor-spacer\">\n\t\t\t<div class=\"elementor-spacer-inner\"><\/div>\n\t\t<\/div>\n\t\t\t\t\t\t<\/div>\n\t\t\t\t<\/div>\n\t\t\t\t\t<\/div>\n\t\t<\/div>\n\t\t\t\t\t<\/div>\n\t\t<\/section>\n\t\t\t\t<\/div>\n\t\t<\/div>\n\t\t\t\t\t\t<\/div>\n\t\t\t\t<\/div>\n\t\t\t\t\t<\/div>\n\t\t<\/div>\n\t\t\t\t\t<\/div>\n\t\t<\/section>\n\t\t\t\t<section class=\"elementor-section elementor-top-section elementor-element elementor-element-5531ed70 elementor-section-full_width elementor-section-height-default elementor-section-height-default\" data-id=\"5531ed70\" data-element_type=\"section\" data-e-type=\"section\">\n\t\t\t\t\t\t<div class=\"elementor-container elementor-column-gap-default\">\n\t\t\t\t\t<div class=\"elementor-column elementor-col-50 elementor-top-column elementor-element elementor-element-3ca32386\" data-id=\"3ca32386\" data-element_type=\"column\" data-e-type=\"column\" data-settings=\"{&quot;motion_fx_motion_fx_scrolling&quot;:&quot;yes&quot;,&quot;motion_fx_devices&quot;:[&quot;desktop&quot;,&quot;tablet&quot;,&quot;mobile&quot;]}\">\n\t\t\t<div class=\"elementor-widget-wrap elementor-element-populated\">\n\t\t\t\t<div class=\"elementor-element elementor-element-ac91cea e-flex e-con-boxed e-con e-parent\" data-id=\"ac91cea\" data-element_type=\"container\" data-e-type=\"container\">\n\t\t\t\t\t<div class=\"e-con-inner\">\n\t\t\t\t<div class=\"elementor-element elementor-element-b2c1539 elementor-widget elementor-widget-heading\" data-id=\"b2c1539\" data-element_type=\"widget\" data-e-type=\"widget\" data-widget_type=\"heading.default\">\n\t\t\t\t<div class=\"elementor-widget-container\">\n\t\t\t\t\t<h1 class=\"elementor-heading-title elementor-size-xxl\">Nuestras lenguas.<\/h1>\t\t\t\t<\/div>\n\t\t\t\t<\/div>\n\t\t\t\t<div class=\"elementor-element elementor-element-66e9241 elementor-widget elementor-widget-text-editor\" data-id=\"66e9241\" data-element_type=\"widget\" data-e-type=\"widget\" data-widget_type=\"text-editor.default\">\n\t\t\t\t<div class=\"elementor-widget-container\">\n\t\t\t\t\t\t\t\t\t<p>Con nuestro experimentado equipo y una red de traductores para m\u00e1s de 50 idiomas, ofrecemos soluciones a medida para sus necesidades individuales. Incluso las traducciones cruzadas complejas, como del ingl\u00e9s al croata, no suponen ning\u00fan problema para nosotros. Sabemos lo importantes que son sus proyectos y realizamos sus encargos de forma r\u00e1pida, correcta y con el m\u00e1ximo cuidado.  <\/p>\t\t\t\t\t\t\t\t<\/div>\n\t\t\t\t<\/div>\n\t\t\t\t<div class=\"elementor-element elementor-element-55093ba elementor-widget elementor-widget-text-editor\" data-id=\"55093ba\" data-element_type=\"widget\" data-e-type=\"widget\" data-widget_type=\"text-editor.default\">\n\t\t\t\t<div class=\"elementor-widget-container\">\n\t\t\t\t\t\t\t\t\t<p><span style=\"font-weight: 400;\">\u00bfDesea traducir un documento importante o garantizar una comunicaci\u00f3n multiling\u00fce? Estamos a su lado para ayudarle y asesorarle. <\/span><\/p>\t\t\t\t\t\t\t\t<\/div>\n\t\t\t\t<\/div>\n\t\t\t\t\t<\/div>\n\t\t\t\t<\/div>\n\t\t\t\t\t<\/div>\n\t\t<\/div>\n\t\t\t\t<div class=\"elementor-column elementor-col-50 elementor-top-column elementor-element elementor-element-36e00bff\" data-id=\"36e00bff\" data-element_type=\"column\" data-e-type=\"column\">\n\t\t\t<div class=\"elementor-widget-wrap elementor-element-populated\">\n\t\t\t\t\t\t<div class=\"elementor-element elementor-element-6be2c72 elementor-widget elementor-widget-text-editor\" data-id=\"6be2c72\" data-element_type=\"widget\" data-e-type=\"widget\" data-widget_type=\"text-editor.default\">\n\t\t\t\t<div class=\"elementor-widget-container\">\n\t\t\t\t\t\t\t\t\t<h3>Alban\u00e9s<\/h3><h3>\u00c1rabe<\/h3><h3>Armenio<\/h3><h3>Bengal\u00ed<\/h3><h3>Bosnio<\/h3><h3>B\u00falgaro<\/h3><h3>Chino mandar\u00edn<\/h3><h3>Dan\u00e9s<\/h3><h3>Dar\u00ed<\/h3><h3>Alem\u00e1n<\/h3><h3>Ingl\u00e9s<\/h3>\t\t\t\t\t\t\t\t<\/div>\n\t\t\t\t<\/div>\n\t\t\t\t<div class=\"elementor-element elementor-element-8cf83c9 elementor-widget elementor-widget-n-accordion\" data-id=\"8cf83c9\" data-element_type=\"widget\" data-e-type=\"widget\" data-settings=\"{&quot;default_state&quot;:&quot;all_collapsed&quot;,&quot;max_items_expended&quot;:&quot;one&quot;,&quot;n_accordion_animation_duration&quot;:{&quot;unit&quot;:&quot;ms&quot;,&quot;size&quot;:400,&quot;sizes&quot;:[]}}\" data-widget_type=\"nested-accordion.default\">\n\t\t\t\t<div class=\"elementor-widget-container\">\n\t\t\t\t\t\t\t<div class=\"e-n-accordion\" aria-label=\"Accordion. Open links with Enter or Space, close with Escape, and navigate with Arrow Keys\">\n\t\t\t\t\t\t<details id=\"e-n-accordion-item-1470\" class=\"e-n-accordion-item\" >\n\t\t\t\t<summary class=\"e-n-accordion-item-title\" data-accordion-index=\"1\" tabindex=\"0\" aria-expanded=\"false\" aria-controls=\"e-n-accordion-item-1470\" >\n\t\t\t\t\t<span class='e-n-accordion-item-title-header'><div class=\"e-n-accordion-item-title-text\"> Mostrar todos los idiomas <\/div><\/span>\n\t\t\t\t\t\t\t<span class='e-n-accordion-item-title-icon'>\n\t\t\t<span class='e-opened' ><i aria-hidden=\"true\" class=\"fas fa-minus\"><\/i><\/span>\n\t\t\t<span class='e-closed'><i aria-hidden=\"true\" class=\"fas fa-plus\"><\/i><\/span>\n\t\t<\/span>\n\n\t\t\t\t\t\t<\/summary>\n\t\t\t\t<div role=\"region\" aria-labelledby=\"e-n-accordion-item-1470\" class=\"elementor-element elementor-element-467c26c e-con-full e-flex e-con e-child\" data-id=\"467c26c\" data-element_type=\"container\" data-e-type=\"container\">\n\t\t\t\t<div class=\"elementor-element elementor-element-0a7625d elementor-widget elementor-widget-text-editor\" data-id=\"0a7625d\" data-element_type=\"widget\" data-e-type=\"widget\" data-widget_type=\"text-editor.default\">\n\t\t\t\t<div class=\"elementor-widget-container\">\n\t\t\t\t\t\t\t\t\t<h3>Estnisch<\/h3><h3>Farsi<\/h3><h3>Finnisch<\/h3><h3>Fl\u00e4misch<\/h3><h3>Franz\u00f6sisch<\/h3><h3>Georgisch<\/h3><h3>Griechisch<\/h3><h3>Hebr\u00e4isch<\/h3><h3>Hindi<\/h3><h3>Italienisch<\/h3><h3>Japanisch<\/h3><h3>Koreanisch<\/h3><h3>Kroatisch<\/h3><h3>Kurdisch<\/h3><h3>Lettisch<\/h3><h3>Litauisch<\/h3><h3>Mazedonisch<\/h3><h3>Moldawisch<\/h3><h3>Mongolisch<\/h3><h3>Nepalesisch<\/h3><h3>Niederl\u00e4ndisch<\/h3><h3>Norwegisch<\/h3><h3>\u00d6sterreichische Geb\u00e4rdensprache<\/h3><h3>Paschtu<\/h3><h3>Polnisch<\/h3><h3>Portugiesisch<\/h3><h3>Punjabi<\/h3><h3>Rum\u00e4nisch<\/h3><h3>Russisch<\/h3><h3>Schwedisch<\/h3><h3>Serbisch<\/h3><h3>Slowakisch<\/h3><h3>Slowenisch<\/h3><h3>Somali<\/h3><h3>Sorani<\/h3><h3>Spanisch<\/h3><h3>Thail\u00e4ndisch<\/h3><h3>Tschechisch<\/h3><h3>T\u00fcrkisch<\/h3><h3>Ukrainisch<\/h3><h3>Ungarisch<\/h3><h3>Urdu<\/h3><h3>Vietnamesisch<\/h3>\t\t\t\t\t\t\t\t<\/div>\n\t\t\t\t<\/div>\n\t\t\t\t<\/div>\n\t\t\t\t\t<\/details>\n\t\t\t\t\t<\/div>\n\t\t\t\t\t\t<\/div>\n\t\t\t\t<\/div>\n\t\t\t\t\t<\/div>\n\t\t<\/div>\n\t\t\t\t\t<\/div>\n\t\t<\/section>\n\t\t\t\t<section class=\"elementor-section elementor-top-section elementor-element elementor-element-7f3ff219 elementor-section-full_width elementor-section-height-default elementor-section-height-default\" data-id=\"7f3ff219\" data-element_type=\"section\" data-e-type=\"section\">\n\t\t\t\t\t\t<div class=\"elementor-container elementor-column-gap-default\">\n\t\t\t\t\t<div class=\"elementor-column elementor-col-33 elementor-top-column elementor-element elementor-element-5169633f\" data-id=\"5169633f\" data-element_type=\"column\" data-e-type=\"column\">\n\t\t\t<div class=\"elementor-widget-wrap elementor-element-populated\">\n\t\t\t\t\t\t<div class=\"elementor-element elementor-element-ae5aaff elementor-widget elementor-widget-spacer\" data-id=\"ae5aaff\" data-element_type=\"widget\" data-e-type=\"widget\" data-widget_type=\"spacer.default\">\n\t\t\t\t<div class=\"elementor-widget-container\">\n\t\t\t\t\t\t\t<div class=\"elementor-spacer\">\n\t\t\t<div class=\"elementor-spacer-inner\"><\/div>\n\t\t<\/div>\n\t\t\t\t\t\t<\/div>\n\t\t\t\t<\/div>\n\t\t\t\t<div class=\"elementor-element elementor-element-34a0e6c4 elementor-widget elementor-widget-heading\" data-id=\"34a0e6c4\" data-element_type=\"widget\" data-e-type=\"widget\" data-widget_type=\"heading.default\">\n\t\t\t\t<div class=\"elementor-widget-container\">\n\t\t\t\t\t<h3 class=\"elementor-heading-title elementor-size-default\">Estaremos encantados \nde asesorarle sobre qu\u00e9 servicio se adapta mejor a sus necesidades.<\/h3>\t\t\t\t<\/div>\n\t\t\t\t<\/div>\n\t\t\t\t<div class=\"elementor-element elementor-element-36dfb2ec elementor-widget elementor-widget-spacer\" data-id=\"36dfb2ec\" data-element_type=\"widget\" data-e-type=\"widget\" data-widget_type=\"spacer.default\">\n\t\t\t\t<div class=\"elementor-widget-container\">\n\t\t\t\t\t\t\t<div class=\"elementor-spacer\">\n\t\t\t<div class=\"elementor-spacer-inner\"><\/div>\n\t\t<\/div>\n\t\t\t\t\t\t<\/div>\n\t\t\t\t<\/div>\n\t\t\t\t\t<\/div>\n\t\t<\/div>\n\t\t\t\t<div class=\"elementor-column elementor-col-33 elementor-top-column elementor-element elementor-element-598c0fc9\" data-id=\"598c0fc9\" data-element_type=\"column\" data-e-type=\"column\">\n\t\t\t<div class=\"elementor-widget-wrap elementor-element-populated\">\n\t\t\t\t\t\t<div class=\"elementor-element elementor-element-12ccbdcb elementor-widget elementor-widget-spacer\" data-id=\"12ccbdcb\" data-element_type=\"widget\" data-e-type=\"widget\" data-widget_type=\"spacer.default\">\n\t\t\t\t<div class=\"elementor-widget-container\">\n\t\t\t\t\t\t\t<div class=\"elementor-spacer\">\n\t\t\t<div class=\"elementor-spacer-inner\"><\/div>\n\t\t<\/div>\n\t\t\t\t\t\t<\/div>\n\t\t\t\t<\/div>\n\t\t\t\t<div class=\"elementor-element elementor-element-de659c1 elementor-widget elementor-widget-text-editor\" data-id=\"de659c1\" data-element_type=\"widget\" data-e-type=\"widget\" data-widget_type=\"text-editor.default\">\n\t\t\t\t<div class=\"elementor-widget-container\">\n\t\t\t\t\t\t\t\t\t<p>Estaremos encantados de asesorarlo sobre qu\u00e9 servicio se adapta mejor a sus necesidades. No importa lo que quiera decir o transmitir o el documento que necesite traducir: sabemos lo importante que es para usted que sus encargos se completen de forma r\u00e1pida, precisa y con cuidado.<\/p>\t\t\t\t\t\t\t\t<\/div>\n\t\t\t\t<\/div>\n\t\t\t\t\t<\/div>\n\t\t<\/div>\n\t\t\t\t<div class=\"elementor-column elementor-col-33 elementor-top-column elementor-element elementor-element-5c7b6336\" data-id=\"5c7b6336\" data-element_type=\"column\" data-e-type=\"column\">\n\t\t\t<div class=\"elementor-widget-wrap elementor-element-populated\">\n\t\t\t\t\t\t<div class=\"elementor-element elementor-element-4d5445fd elementor-widget elementor-widget-spacer\" data-id=\"4d5445fd\" data-element_type=\"widget\" data-e-type=\"widget\" data-widget_type=\"spacer.default\">\n\t\t\t\t<div class=\"elementor-widget-container\">\n\t\t\t\t\t\t\t<div class=\"elementor-spacer\">\n\t\t\t<div class=\"elementor-spacer-inner\"><\/div>\n\t\t<\/div>\n\t\t\t\t\t\t<\/div>\n\t\t\t\t<\/div>\n\t\t\t\t<div class=\"elementor-element elementor-element-67d53e0d elementor-align-right elementor-mobile-align-center elementor-widget elementor-widget-button\" data-id=\"67d53e0d\" data-element_type=\"widget\" data-e-type=\"widget\" data-widget_type=\"button.default\">\n\t\t\t\t<div class=\"elementor-widget-container\">\n\t\t\t\t\t\t\t\t\t<div class=\"elementor-button-wrapper\">\n\t\t\t\t\t<a class=\"elementor-button elementor-button-link elementor-size-sm\" href=\"https:\/\/www.lexika.at\/es\/contacto\/\">\n\t\t\t\t\t\t<span class=\"elementor-button-content-wrapper\">\n\t\t\t\t\t\t\t\t\t<span class=\"elementor-button-text\">Consulta gratuita!<\/span>\n\t\t\t\t\t<\/span>\n\t\t\t\t\t<\/a>\n\t\t\t\t<\/div>\n\t\t\t\t\t\t\t\t<\/div>\n\t\t\t\t<\/div>\n\t\t\t\t<div class=\"elementor-element elementor-element-c7a6dc4 elementor-hidden-desktop elementor-hidden-tablet elementor-widget elementor-widget-spacer\" data-id=\"c7a6dc4\" data-element_type=\"widget\" data-e-type=\"widget\" data-widget_type=\"spacer.default\">\n\t\t\t\t<div class=\"elementor-widget-container\">\n\t\t\t\t\t\t\t<div class=\"elementor-spacer\">\n\t\t\t<div class=\"elementor-spacer-inner\"><\/div>\n\t\t<\/div>\n\t\t\t\t\t\t<\/div>\n\t\t\t\t<\/div>\n\t\t\t\t\t<\/div>\n\t\t<\/div>\n\t\t\t\t\t<\/div>\n\t\t<\/section>\n\t\t\t\t<\/div>\n\t\t","protected":false},"excerpt":{"rendered":"<p>Nuestras lenguas. Con nuestro experimentado equipo y una red de traductores para m\u00e1s de 50 idiomas, ofrecemos soluciones a medida para sus necesidades individuales. Incluso las<span class=\"excerpt-hellip\"> [\u2026]<\/span><\/p>\n","protected":false},"author":1,"featured_media":0,"parent":0,"menu_order":30,"comment_status":"closed","ping_status":"closed","template":"","meta":{"footnotes":""},"class_list":["post-1786","page","type-page","status-publish","hentry"],"_links":{"self":[{"href":"https:\/\/www.lexika.at\/es\/wp-json\/wp\/v2\/pages\/1786","targetHints":{"allow":["GET"]}}],"collection":[{"href":"https:\/\/www.lexika.at\/es\/wp-json\/wp\/v2\/pages"}],"about":[{"href":"https:\/\/www.lexika.at\/es\/wp-json\/wp\/v2\/types\/page"}],"author":[{"embeddable":true,"href":"https:\/\/www.lexika.at\/es\/wp-json\/wp\/v2\/users\/1"}],"replies":[{"embeddable":true,"href":"https:\/\/www.lexika.at\/es\/wp-json\/wp\/v2\/comments?post=1786"}],"version-history":[{"count":2,"href":"https:\/\/www.lexika.at\/es\/wp-json\/wp\/v2\/pages\/1786\/revisions"}],"predecessor-version":[{"id":1791,"href":"https:\/\/www.lexika.at\/es\/wp-json\/wp\/v2\/pages\/1786\/revisions\/1791"}],"wp:attachment":[{"href":"https:\/\/www.lexika.at\/es\/wp-json\/wp\/v2\/media?parent=1786"}],"curies":[{"name":"wp","href":"https:\/\/api.w.org\/{rel}","templated":true}]}}