{"id":1993,"date":"2025-08-04T10:42:10","date_gmt":"2025-08-04T08:42:10","guid":{"rendered":"https:\/\/www.lexika.at\/kontakt\/"},"modified":"2025-08-04T10:42:12","modified_gmt":"2025-08-04T08:42:12","slug":"kontakt","status":"publish","type":"page","link":"https:\/\/www.lexika.at\/bs\/kontakt\/","title":{"rendered":"Kontakt"},"content":{"rendered":"\t\t<div data-elementor-type=\"wp-page\" data-elementor-id=\"1993\" class=\"elementor elementor-1993 elementor-37\" data-elementor-post-type=\"page\">\n\t\t\t\t\t\t<section class=\"elementor-section elementor-top-section elementor-element elementor-element-5e75da32 elementor-section-full_width elementor-section-height-default elementor-section-height-default\" data-id=\"5e75da32\" data-element_type=\"section\" data-e-type=\"section\" data-settings=\"{&quot;sticky&quot;:&quot;top&quot;,&quot;sticky_offset&quot;:30,&quot;sticky_on&quot;:[&quot;desktop&quot;,&quot;tablet&quot;,&quot;mobile&quot;],&quot;sticky_effects_offset&quot;:0,&quot;sticky_anchor_link_offset&quot;:0}\">\n\t\t\t\t\t\t<div class=\"elementor-container elementor-column-gap-default\">\n\t\t\t\t\t<div class=\"elementor-column elementor-col-100 elementor-top-column elementor-element elementor-element-46fc790b\" data-id=\"46fc790b\" data-element_type=\"column\" data-e-type=\"column\">\n\t\t\t<div class=\"elementor-widget-wrap elementor-element-populated\">\n\t\t\t\t\t\t<div class=\"elementor-element elementor-element-6fd8a4b8 elementor-widget elementor-widget-shortcode\" data-id=\"6fd8a4b8\" data-element_type=\"widget\" data-e-type=\"widget\" data-widget_type=\"shortcode.default\">\n\t\t\t\t<div class=\"elementor-widget-container\">\n\t\t\t\t\t\t\t<div class=\"elementor-shortcode\">\t\t<div data-elementor-type=\"section\" data-elementor-id=\"428\" class=\"elementor elementor-428\" data-elementor-post-type=\"elementor_library\">\n\t\t\t\t\t<section class=\"elementor-section elementor-top-section elementor-element elementor-element-1ac840da elementor-section-full_width elementor-section-height-default elementor-section-height-default\" data-id=\"1ac840da\" data-element_type=\"section\" data-e-type=\"section\" data-settings=\"{&quot;background_background&quot;:&quot;classic&quot;,&quot;sticky&quot;:&quot;top&quot;,&quot;sticky_on&quot;:[&quot;desktop&quot;,&quot;tablet&quot;,&quot;mobile&quot;],&quot;sticky_offset&quot;:0,&quot;sticky_effects_offset&quot;:0,&quot;sticky_anchor_link_offset&quot;:0}\">\n\t\t\t\t\t\t<div class=\"elementor-container elementor-column-gap-default\">\n\t\t\t\t\t<div class=\"elementor-column elementor-col-100 elementor-top-column elementor-element elementor-element-6d8f439e\" data-id=\"6d8f439e\" data-element_type=\"column\" data-e-type=\"column\" data-settings=\"{&quot;background_background&quot;:&quot;classic&quot;}\">\n\t\t\t<div class=\"elementor-widget-wrap elementor-element-populated\">\n\t\t\t\t\t\t<div class=\"elementor-element elementor-element-b29550c elementor-widget elementor-widget-shortcode\" data-id=\"b29550c\" data-element_type=\"widget\" data-e-type=\"widget\" data-widget_type=\"shortcode.default\">\n\t\t\t\t<div class=\"elementor-widget-container\">\n\t\t\t\t\t\t\t<div class=\"elementor-shortcode\">\n<div\n\t role=\"navigation\" aria-label=\"Language Switcher\" class=\"wpml-ls-statics-shortcode_actions wpml-ls wpml-ls-legacy-dropdown js-wpml-ls-legacy-dropdown\">\n\t<ul>\n\t\t<li class=\"wpml-ls-slot-shortcode_actions wpml-ls-item wpml-ls-item-bs wpml-ls-current-language wpml-ls-item-legacy-dropdown\">\n\t\t\t<a href=\"#\" hreflang=\"\" lang=\"\" class=\"js-wpml-ls-item-toggle wpml-ls-item-toggle\" aria-current=\"page\" aria-expanded=\"false\" aria-controls=\"wpml-ls-submenu-default\" aria-label=\"Language switcher, press tab to navigate to other languages\" title=\"Switch to Bosnian (Bosnian)\">\n\t\t\t\t<span class=\"wpml-ls-native\">Bosnian<\/span><\/a>\n\n\t\t\t<ul id=\"wpml-ls-submenu-default\" class=\"wpml-ls-sub-menu\">\n\t\t\t\t\n\t\t\t\t\t<li class=\"wpml-ls-slot-shortcode_actions wpml-ls-item wpml-ls-item-de wpml-ls-first-item\">\n\t\t\t\t\t\t<a href=\"https:\/\/www.lexika.at\/\" hreflang=\"de\" lang=\"de\" class=\"wpml-ls-link\" aria-label=\"Switch to German (Deutsch)\" title=\"Switch to German (Deutsch)\">\n\t\t\t\t\t\t\t<span class=\"wpml-ls-native\">Deutsch<\/span><span class=\"wpml-ls-display\"><span class=\"wpml-ls-bracket\">(<\/span>German<span class=\"wpml-ls-bracket\">)<\/span><\/span><\/a>\n\t\t\t\t\t<\/li>\n\n\t\t\t\t\n\t\t\t\t\t<li class=\"wpml-ls-slot-shortcode_actions wpml-ls-item wpml-ls-item-en\">\n\t\t\t\t\t\t<a href=\"https:\/\/www.lexika.at\/en\/\" hreflang=\"en\" lang=\"en\" class=\"wpml-ls-link\" aria-label=\"Switch to English (English)\" title=\"Switch to English (English)\">\n\t\t\t\t\t\t\t<span class=\"wpml-ls-native\">English<\/span><\/a>\n\t\t\t\t\t<\/li>\n\n\t\t\t\t\n\t\t\t\t\t<li class=\"wpml-ls-slot-shortcode_actions wpml-ls-item wpml-ls-item-ro\">\n\t\t\t\t\t\t<a href=\"https:\/\/www.lexika.at\/ro\/\" hreflang=\"ro\" lang=\"ro\" class=\"wpml-ls-link\" aria-label=\"Switch to Romanian (Rom\u00e2n\u0103)\" title=\"Switch to Romanian (Rom\u00e2n\u0103)\">\n\t\t\t\t\t\t\t<span class=\"wpml-ls-native\">Rom\u00e2n\u0103<\/span><span class=\"wpml-ls-display\"><span class=\"wpml-ls-bracket\">(<\/span>Romanian<span class=\"wpml-ls-bracket\">)<\/span><\/span><\/a>\n\t\t\t\t\t<\/li>\n\n\t\t\t\t\n\t\t\t\t\t<li class=\"wpml-ls-slot-shortcode_actions wpml-ls-item wpml-ls-item-sr\">\n\t\t\t\t\t\t<a href=\"https:\/\/www.lexika.at\/sr\/\" hreflang=\"sr\" lang=\"sr\" class=\"wpml-ls-link\" aria-label=\"Switch to Serbian (\u0441\u0440\u043f\u0441\u043a\u0438)\" title=\"Switch to Serbian (\u0441\u0440\u043f\u0441\u043a\u0438)\">\n\t\t\t\t\t\t\t<span class=\"wpml-ls-native\">\u0441\u0440\u043f\u0441\u043a\u0438<\/span><span class=\"wpml-ls-display\"><span class=\"wpml-ls-bracket\">(<\/span>Serbian<span class=\"wpml-ls-bracket\">)<\/span><\/span><\/a>\n\t\t\t\t\t<\/li>\n\n\t\t\t\t\n\t\t\t\t\t<li class=\"wpml-ls-slot-shortcode_actions wpml-ls-item wpml-ls-item-ar\">\n\t\t\t\t\t\t<a href=\"https:\/\/www.lexika.at\/ar\/\" hreflang=\"ar\" lang=\"ar\" class=\"wpml-ls-link\" aria-label=\"Switch to Arabic (\u0627\u0644\u0639\u0631\u0628\u064a\u0629)\" title=\"Switch to Arabic (\u0627\u0644\u0639\u0631\u0628\u064a\u0629)\">\n\t\t\t\t\t\t\t<span class=\"wpml-ls-native\">\u0627\u0644\u0639\u0631\u0628\u064a\u0629<\/span><span class=\"wpml-ls-display\"><span class=\"wpml-ls-bracket\">(<\/span>Arabic<span class=\"wpml-ls-bracket\">)<\/span><\/span><\/a>\n\t\t\t\t\t<\/li>\n\n\t\t\t\t\n\t\t\t\t\t<li class=\"wpml-ls-slot-shortcode_actions wpml-ls-item wpml-ls-item-hu\">\n\t\t\t\t\t\t<a href=\"https:\/\/www.lexika.at\/hu\/\" hreflang=\"hu\" lang=\"hu\" class=\"wpml-ls-link\" aria-label=\"Switch to Hungarian (Magyar)\" title=\"Switch to Hungarian (Magyar)\">\n\t\t\t\t\t\t\t<span class=\"wpml-ls-native\">Magyar<\/span><span class=\"wpml-ls-display\"><span class=\"wpml-ls-bracket\">(<\/span>Hungarian<span class=\"wpml-ls-bracket\">)<\/span><\/span><\/a>\n\t\t\t\t\t<\/li>\n\n\t\t\t\t\n\t\t\t\t\t<li class=\"wpml-ls-slot-shortcode_actions wpml-ls-item wpml-ls-item-it\">\n\t\t\t\t\t\t<a href=\"https:\/\/www.lexika.at\/it\/\" hreflang=\"it\" lang=\"it\" class=\"wpml-ls-link\" aria-label=\"Switch to Italian (Italiano)\" title=\"Switch to Italian (Italiano)\">\n\t\t\t\t\t\t\t<span class=\"wpml-ls-native\">Italiano<\/span><span class=\"wpml-ls-display\"><span class=\"wpml-ls-bracket\">(<\/span>Italian<span class=\"wpml-ls-bracket\">)<\/span><\/span><\/a>\n\t\t\t\t\t<\/li>\n\n\t\t\t\t\n\t\t\t\t\t<li class=\"wpml-ls-slot-shortcode_actions wpml-ls-item wpml-ls-item-es\">\n\t\t\t\t\t\t<a href=\"https:\/\/www.lexika.at\/es\/\" hreflang=\"es\" lang=\"es\" class=\"wpml-ls-link\" aria-label=\"Switch to Spanish (Espa\u00f1ol)\" title=\"Switch to Spanish (Espa\u00f1ol)\">\n\t\t\t\t\t\t\t<span class=\"wpml-ls-native\">Espa\u00f1ol<\/span><span class=\"wpml-ls-display\"><span class=\"wpml-ls-bracket\">(<\/span>Spanish<span class=\"wpml-ls-bracket\">)<\/span><\/span><\/a>\n\t\t\t\t\t<\/li>\n\n\t\t\t\t\n\t\t\t\t\t<li class=\"wpml-ls-slot-shortcode_actions wpml-ls-item wpml-ls-item-hr\">\n\t\t\t\t\t\t<a href=\"https:\/\/www.lexika.at\/hr\/\" hreflang=\"hr\" lang=\"hr\" class=\"wpml-ls-link\" aria-label=\"Switch to Croatian (Hrvatski)\" title=\"Switch to Croatian (Hrvatski)\">\n\t\t\t\t\t\t\t<span class=\"wpml-ls-native\">Hrvatski<\/span><span class=\"wpml-ls-display\"><span class=\"wpml-ls-bracket\">(<\/span>Croatian<span class=\"wpml-ls-bracket\">)<\/span><\/span><\/a>\n\t\t\t\t\t<\/li>\n\n\t\t\t\t\n\t\t\t\t\t<li class=\"wpml-ls-slot-shortcode_actions wpml-ls-item wpml-ls-item-uk\">\n\t\t\t\t\t\t<a href=\"https:\/\/www.lexika.at\/uk\/\" hreflang=\"uk\" lang=\"uk\" class=\"wpml-ls-link\" aria-label=\"Switch to Ukrainian (\u0423\u043a\u0440\u0430\u0457\u043d\u0441\u044c\u043a\u0430)\" title=\"Switch to Ukrainian (\u0423\u043a\u0440\u0430\u0457\u043d\u0441\u044c\u043a\u0430)\">\n\t\t\t\t\t\t\t<span class=\"wpml-ls-native\">\u0423\u043a\u0440\u0430\u0457\u043d\u0441\u044c\u043a\u0430<\/span><span class=\"wpml-ls-display\"><span class=\"wpml-ls-bracket\">(<\/span>Ukrainian<span class=\"wpml-ls-bracket\">)<\/span><\/span><\/a>\n\t\t\t\t\t<\/li>\n\n\t\t\t\t\n\t\t\t\t\t<li class=\"wpml-ls-slot-shortcode_actions wpml-ls-item wpml-ls-item-ru\">\n\t\t\t\t\t\t<a href=\"https:\/\/www.lexika.at\/ru\/\" hreflang=\"ru\" lang=\"ru\" class=\"wpml-ls-link\" aria-label=\"Switch to Russian (\u0420\u0443\u0441\u0441\u043a\u0438\u0439)\" title=\"Switch to Russian (\u0420\u0443\u0441\u0441\u043a\u0438\u0439)\">\n\t\t\t\t\t\t\t<span class=\"wpml-ls-native\">\u0420\u0443\u0441\u0441\u043a\u0438\u0439<\/span><span class=\"wpml-ls-display\"><span class=\"wpml-ls-bracket\">(<\/span>Russian<span class=\"wpml-ls-bracket\">)<\/span><\/span><\/a>\n\t\t\t\t\t<\/li>\n\n\t\t\t\t\n\t\t\t\t\t<li class=\"wpml-ls-slot-shortcode_actions wpml-ls-item wpml-ls-item-sl wpml-ls-last-item\">\n\t\t\t\t\t\t<a href=\"https:\/\/www.lexika.at\/sl\/\" hreflang=\"sl\" lang=\"sl\" class=\"wpml-ls-link\" aria-label=\"Switch to Slovenian (Sloven\u0161\u010dina)\" title=\"Switch to Slovenian (Sloven\u0161\u010dina)\">\n\t\t\t\t\t\t\t<span class=\"wpml-ls-native\">Sloven\u0161\u010dina<\/span><span class=\"wpml-ls-display\"><span class=\"wpml-ls-bracket\">(<\/span>Slovenian<span class=\"wpml-ls-bracket\">)<\/span><\/span><\/a>\n\t\t\t\t\t<\/li>\n\n\t\t\t\t\t\t\t<\/ul>\n\n\t\t<\/li>\n\n\t<\/ul>\n<\/div>\n<\/div>\n\t\t\t\t\t\t<\/div>\n\t\t\t\t<\/div>\n\t\t\t\t<div class=\"elementor-element elementor-element-7286845a elementor-widget elementor-widget-spacer\" data-id=\"7286845a\" data-element_type=\"widget\" data-e-type=\"widget\" data-widget_type=\"spacer.default\">\n\t\t\t\t<div class=\"elementor-widget-container\">\n\t\t\t\t\t\t\t<div class=\"elementor-spacer\">\n\t\t\t<div class=\"elementor-spacer-inner\"><\/div>\n\t\t<\/div>\n\t\t\t\t\t\t<\/div>\n\t\t\t\t<\/div>\n\t\t\t\t\t<\/div>\n\t\t<\/div>\n\t\t\t\t\t<\/div>\n\t\t<\/section>\n\t\t\t\t<\/div>\n\t\t<\/div>\n\t\t\t\t\t\t<\/div>\n\t\t\t\t<\/div>\n\t\t\t\t\t<\/div>\n\t\t<\/div>\n\t\t\t\t\t<\/div>\n\t\t<\/section>\n\t\t\t\t<section class=\"elementor-section elementor-top-section elementor-element elementor-element-6f685eca elementor-section-full_width elementor-section-height-default elementor-section-height-default\" data-id=\"6f685eca\" data-element_type=\"section\" data-e-type=\"section\">\n\t\t\t\t\t\t<div class=\"elementor-container elementor-column-gap-default\">\n\t\t\t\t\t<div class=\"elementor-column elementor-col-50 elementor-top-column elementor-element elementor-element-7e8f0195\" data-id=\"7e8f0195\" data-element_type=\"column\" data-e-type=\"column\">\n\t\t\t<div class=\"elementor-widget-wrap elementor-element-populated\">\n\t\t\t\t\t\t<div class=\"elementor-element elementor-element-6eda218a elementor-widget elementor-widget-heading\" data-id=\"6eda218a\" data-element_type=\"widget\" data-e-type=\"widget\" data-widget_type=\"heading.default\">\n\t\t\t\t<div class=\"elementor-widget-container\">\n\t\t\t\t\t<h1 class=\"elementor-heading-title elementor-size-large\">Va\u0161 neobavezuju\u0107i upit<\/h1>\t\t\t\t<\/div>\n\t\t\t\t<\/div>\n\t\t\t\t<div class=\"elementor-element elementor-element-a57ac23 elementor-widget elementor-widget-spacer\" data-id=\"a57ac23\" data-element_type=\"widget\" data-e-type=\"widget\" data-widget_type=\"spacer.default\">\n\t\t\t\t<div class=\"elementor-widget-container\">\n\t\t\t\t\t\t\t<div class=\"elementor-spacer\">\n\t\t\t<div class=\"elementor-spacer-inner\"><\/div>\n\t\t<\/div>\n\t\t\t\t\t\t<\/div>\n\t\t\t\t<\/div>\n\t\t\t\t<div class=\"elementor-element elementor-element-641bb8d7 elementor-widget elementor-widget-text-editor\" data-id=\"641bb8d7\" data-element_type=\"widget\" data-e-type=\"widget\" data-widget_type=\"text-editor.default\">\n\t\t\t\t<div class=\"elementor-widget-container\">\n\t\t\t\t\t\t\t\t\t<p>Prevodila\u010dka agencija LEXIKA Glacisstra\u00dfe 9\/6, 8010 Graz<\/p><p>Tel. <a href=\"tel:+433163843470\">+43 316 384347-0<\/a><br>Mobilni. <a href=\"tel:+436646444622\">+43 664 6444622<\/a><br>Fax. +43 316 384347-5<br>Email. <a href=\"mailto:lexika@lexika.at\">lexika@lexika.at<\/a> <\/p>\t\t\t\t\t\t\t\t<\/div>\n\t\t\t\t<\/div>\n\t\t\t\t<div class=\"elementor-element elementor-element-ba03bf6 elementor-align-left elementor-mobile-align-left elementor-widget elementor-widget-button\" data-id=\"ba03bf6\" data-element_type=\"widget\" data-e-type=\"widget\" data-widget_type=\"button.default\">\n\t\t\t\t<div class=\"elementor-widget-container\">\n\t\t\t\t\t\t\t\t\t<div class=\"elementor-button-wrapper\">\n\t\t\t\t\t<a class=\"elementor-button elementor-button-link elementor-size-sm elementor-animation-sink\" href=\"https:\/\/www.google.at\/maps\/place\/Lexika+%C3%9Cbersetzungsb%C3%BCro+Mag+Maja+Galler\/@47.0766087,15.4447543,20.35z\/data=!3m1!5s0x476e3586c39d9149:0x124ce7eb85bcca33!4m14!1m7!3m6!1s0x476e3586dcba62b5:0x5bc8c59aa9b86e75!2sGlacisstra%C3%9Fe+9%2F1,+8010+Graz!3b1!8m2!3d47.0767264!4d15.444773!3m5!1s0x476e358f9e77086b:0x757e59fc55970b07!8m2!3d47.0768514!4d15.4448669!16s%2Fg%2F1pv5zxnd4?entry=ttu&#038;g_ep=EgoyMDI0MTAyMy4wIKXMDSoASAFQAw%3D%3D\">\n\t\t\t\t\t\t<span class=\"elementor-button-content-wrapper\">\n\t\t\t\t\t\t\t\t\t<span class=\"elementor-button-text\">Kako do\u0107i do nas<\/span>\n\t\t\t\t\t<\/span>\n\t\t\t\t\t<\/a>\n\t\t\t\t<\/div>\n\t\t\t\t\t\t\t\t<\/div>\n\t\t\t\t<\/div>\n\t\t\t\t<div class=\"elementor-element elementor-element-63df461a elementor-widget elementor-widget-spacer\" data-id=\"63df461a\" data-element_type=\"widget\" data-e-type=\"widget\" data-widget_type=\"spacer.default\">\n\t\t\t\t<div class=\"elementor-widget-container\">\n\t\t\t\t\t\t\t<div class=\"elementor-spacer\">\n\t\t\t<div class=\"elementor-spacer-inner\"><\/div>\n\t\t<\/div>\n\t\t\t\t\t\t<\/div>\n\t\t\t\t<\/div>\n\t\t\t\t\t<\/div>\n\t\t<\/div>\n\t\t\t\t<div class=\"elementor-column elementor-col-50 elementor-top-column elementor-element elementor-element-69edb48d\" data-id=\"69edb48d\" data-element_type=\"column\" data-e-type=\"column\">\n\t\t\t<div class=\"elementor-widget-wrap elementor-element-populated\">\n\t\t\t\t\t\t<div class=\"elementor-element elementor-element-87f3733 elementor-button-align-end elementor-widget elementor-widget-form\" data-id=\"87f3733\" data-element_type=\"widget\" data-e-type=\"widget\" data-settings=\"{&quot;step_next_label&quot;:&quot;Next&quot;,&quot;step_previous_label&quot;:&quot;Previous&quot;,&quot;button_width&quot;:&quot;100&quot;,&quot;step_type&quot;:&quot;number_text&quot;,&quot;step_icon_shape&quot;:&quot;circle&quot;}\" data-widget_type=\"form.default\">\n\t\t\t\t<div class=\"elementor-widget-container\">\n\t\t\t\t\t\t\t<form class=\"elementor-form\" method=\"post\" name=\"Upit\" aria-label=\"Upit\">\n\t\t\t<input type=\"hidden\" name=\"post_id\" value=\"1993\"\/>\n\t\t\t<input type=\"hidden\" name=\"form_id\" value=\"87f3733\"\/>\n\t\t\t<input type=\"hidden\" name=\"referer_title\" value=\"Kontakt\" \/>\n\n\t\t\t\t\t\t\t<input type=\"hidden\" name=\"queried_id\" value=\"1993\"\/>\n\t\t\t\n\t\t\t<div class=\"elementor-form-fields-wrapper elementor-labels-\">\n\t\t\t\t\t\t\t\t<div class=\"elementor-field-type-text elementor-field-group elementor-column elementor-field-group-name elementor-col-100 elementor-field-required\">\n\t\t\t\t\t\t\t\t\t\t\t\t<label for=\"form-field-name\" class=\"elementor-field-label elementor-screen-only\">\n\t\t\t\t\t\t\t\tIme *\t\t\t\t\t\t\t<\/label>\n\t\t\t\t\t\t\t\t\t\t\t\t\t\t<input size=\"1\" type=\"text\" name=\"form_fields[name]\" id=\"form-field-name\" class=\"elementor-field elementor-size-sm  elementor-field-textual\" placeholder=\"Ime *\" required=\"required\">\n\t\t\t\t\t\t\t\t\t\t\t<\/div>\n\t\t\t\t\t\t\t\t<div class=\"elementor-field-type-text elementor-field-group elementor-column elementor-field-group-email elementor-col-100 elementor-field-required\">\n\t\t\t\t\t\t\t\t\t\t\t\t<label for=\"form-field-email\" class=\"elementor-field-label elementor-screen-only\">\n\t\t\t\t\t\t\t\tTelefon\t\t\t\t\t\t\t<\/label>\n\t\t\t\t\t\t\t\t\t\t\t\t\t\t<input size=\"1\" type=\"text\" name=\"form_fields[email]\" id=\"form-field-email\" class=\"elementor-field elementor-size-sm  elementor-field-textual\" placeholder=\"Telefon *\" required=\"required\">\n\t\t\t\t\t\t\t\t\t\t\t<\/div>\n\t\t\t\t\t\t\t\t<div class=\"elementor-field-type-email elementor-field-group elementor-column elementor-field-group-field_dc9953f elementor-col-100 elementor-field-required\">\n\t\t\t\t\t\t\t\t\t\t\t\t<label for=\"form-field-field_dc9953f\" class=\"elementor-field-label elementor-screen-only\">\n\t\t\t\t\t\t\t\tE-Mail\t\t\t\t\t\t\t<\/label>\n\t\t\t\t\t\t\t\t\t\t\t\t\t\t<input size=\"1\" type=\"email\" name=\"form_fields[field_dc9953f]\" id=\"form-field-field_dc9953f\" class=\"elementor-field elementor-size-sm  elementor-field-textual\" placeholder=\"E-Mail *\" required=\"required\">\n\t\t\t\t\t\t\t\t\t\t\t<\/div>\n\t\t\t\t\t\t\t\t<div class=\"elementor-field-type-textarea elementor-field-group elementor-column elementor-field-group-message elementor-col-100 elementor-field-required\">\n\t\t\t\t\t\t\t\t\t\t\t\t<label for=\"form-field-message\" class=\"elementor-field-label elementor-screen-only\">\n\t\t\t\t\t\t\t\tCiljni jezik(i) *\t\t\t\t\t\t\t<\/label>\n\t\t\t\t\t\t<textarea class=\"elementor-field-textual elementor-field  elementor-size-sm\" name=\"form_fields[message]\" id=\"form-field-message\" rows=\"4\" placeholder=\"Ciljni jezik(i) *\" required=\"required\"><\/textarea>\t\t\t\t<\/div>\n\t\t\t\t\t\t\t\t<div class=\"elementor-field-type-textarea elementor-field-group elementor-column elementor-field-group-field_becda69 elementor-col-100 elementor-field-required\">\n\t\t\t\t\t\t\t\t\t\t\t\t<label for=\"form-field-field_becda69\" class=\"elementor-field-label elementor-screen-only\">\n\t\t\t\t\t\t\t\tVa\u0161a li\u010dna napomena\t\t\t\t\t\t\t<\/label>\n\t\t\t\t\t\t<textarea class=\"elementor-field-textual elementor-field  elementor-size-sm\" name=\"form_fields[field_becda69]\" id=\"form-field-field_becda69\" rows=\"10\" placeholder=\"Va\u0161a li\u010dna napomena (ovjereno, neovjereno, datum isporuke, itd.) *\" required=\"required\"><\/textarea>\t\t\t\t<\/div>\n\t\t\t\t\t\t\t\t<div class=\"elementor-field-type-upload elementor-field-group elementor-column elementor-field-group-field_06b671e elementor-col-100\">\n\t\t\t\t\t\t\t\t\t\t\t\t<label for=\"form-field-field_06b671e\" class=\"elementor-field-label elementor-screen-only\">\n\t\t\t\t\t\t\t\tUpload \t\t\t\t\t\t\t<\/label>\n\t\t\t\t\t\t\t\t<input type=\"file\" name=\"form_fields[field_06b671e][]\" id=\"form-field-field_06b671e\" class=\"elementor-field elementor-size-sm  elementor-upload-field\" multiple=\"multiple\" data-maxsize=\"5\" data-maxsize-message=\"This file exceeds the maximum allowed size.\">\n\n\t\t\t\t\t\t<\/div>\n\t\t\t\t\t\t\t\t<div class=\"elementor-field-type-acceptance elementor-field-group elementor-column elementor-field-group-field_496f94b elementor-col-100\">\n\t\t\t\t\t\t\t<div class=\"elementor-field-subgroup\">\n\t\t\t<span class=\"elementor-field-option\">\n\t\t\t\t<input type=\"checkbox\" name=\"form_fields[field_496f94b]\" id=\"form-field-field_496f94b\" class=\"elementor-field elementor-size-sm  elementor-acceptance-field\">\n\t\t\t\t<label for=\"form-field-field_496f94b\">Saglasan sam se da moji podaci, uklju\u010duju\u0107i li\u010dne podatke (ime, e-mail, telefon) iz kontakt formulara mogu proslijediti prevodila\u010dkoj agenciji Lexika za dalju obradu i \u010duvanje. Ovi podaci se koriste za obradu va\u0161eg upita, telefonski kontakt, poslovnu saradnju, kao i za slanje novosti i ne\u0107e se prikupljati ili proslije\u0111ivati dalje bez va\u0161e saglasnosti. Bez va\u0161e saglasnosti ne mo\u017eemo obra\u0111ivati va\u0161e upite. Ova saglasnost se mo\u017ee opozvati u bilo kom trenutku putem e-maila na lexika@lexika.at. (Vi\u0161e o za\u0161titi podataka).<br>Diese Einwilligungserkl\u00e4rung kann jederzeit per E-Mail an <a href=\"mailto:lexika@lexika.at\">lexika@lexika.at<\/a> widerrufen werden (<a href=\"https:\/\/www.lexika.at\/datenschutz\/\" target=\"_blank\">Mehr zu Datenschutz<\/a>). <\/label>\t\t\t<\/span>\n\t\t<\/div>\n\t\t\t\t\t\t<\/div>\n\t\t\t\t\t\t\t\t<div class=\"elementor-field-type-recaptcha_v3 elementor-field-group elementor-column elementor-field-group-field_d583ab7 elementor-col-100 recaptcha_v3-bottomright\">\n\t\t\t\t\t<div class=\"elementor-field\" id=\"form-field-field_d583ab7\"><div class=\"elementor-g-recaptcha\" data-sitekey=\"6Ld4b_8eAAAAAEuIgVI7MaMow3P6iFB5kA4BqvOG\" data-type=\"v3\" data-action=\"Form\" data-badge=\"bottomright\" data-size=\"invisible\"><\/div><\/div>\t\t\t\t<\/div>\n\t\t\t\t\t\t\t\t<div class=\"elementor-field-group elementor-column elementor-field-type-submit elementor-col-100 e-form__buttons\">\n\t\t\t\t\t<button class=\"elementor-button elementor-size-sm\" type=\"submit\">\n\t\t\t\t\t\t<span class=\"elementor-button-content-wrapper\">\n\t\t\t\t\t\t\t\t\t\t\t\t\t\t\t\t\t\t\t\t\t\t<span class=\"elementor-button-text\">Neobavezno pitati<\/span>\n\t\t\t\t\t\t\t\t\t\t\t\t\t<\/span>\n\t\t\t\t\t<\/button>\n\t\t\t\t<\/div>\n\t\t\t<\/div>\n\t\t<\/form>\n\t\t\t\t\t\t<\/div>\n\t\t\t\t<\/div>\n\t\t\t\t<div class=\"elementor-element elementor-element-81a8ad9 elementor-hidden-desktop elementor-hidden-tablet elementor-widget elementor-widget-spacer\" data-id=\"81a8ad9\" data-element_type=\"widget\" data-e-type=\"widget\" data-widget_type=\"spacer.default\">\n\t\t\t\t<div class=\"elementor-widget-container\">\n\t\t\t\t\t\t\t<div class=\"elementor-spacer\">\n\t\t\t<div class=\"elementor-spacer-inner\"><\/div>\n\t\t<\/div>\n\t\t\t\t\t\t<\/div>\n\t\t\t\t<\/div>\n\t\t\t\t\t<\/div>\n\t\t<\/div>\n\t\t\t\t\t<\/div>\n\t\t<\/section>\n\t\t\t\t<\/div>\n\t\t","protected":false},"excerpt":{"rendered":"<p>Va\u0161 neobavezuju\u0107i upit Prevodila\u010dka agencija LEXIKA Glacisstra\u00dfe 9\/6, 8010 Graz Tel. +43 316 384347-0Mobilni. +43 664 6444622Fax. +43 316 384347-5Email. lexika@lexika.at Kako do\u0107i do nas<\/p>\n","protected":false},"author":1,"featured_media":0,"parent":0,"menu_order":60,"comment_status":"closed","ping_status":"closed","template":"","meta":{"footnotes":""},"class_list":["post-1993","page","type-page","status-publish","hentry"],"_links":{"self":[{"href":"https:\/\/www.lexika.at\/bs\/wp-json\/wp\/v2\/pages\/1993","targetHints":{"allow":["GET"]}}],"collection":[{"href":"https:\/\/www.lexika.at\/bs\/wp-json\/wp\/v2\/pages"}],"about":[{"href":"https:\/\/www.lexika.at\/bs\/wp-json\/wp\/v2\/types\/page"}],"author":[{"embeddable":true,"href":"https:\/\/www.lexika.at\/bs\/wp-json\/wp\/v2\/users\/1"}],"replies":[{"embeddable":true,"href":"https:\/\/www.lexika.at\/bs\/wp-json\/wp\/v2\/comments?post=1993"}],"version-history":[{"count":1,"href":"https:\/\/www.lexika.at\/bs\/wp-json\/wp\/v2\/pages\/1993\/revisions"}],"predecessor-version":[{"id":1994,"href":"https:\/\/www.lexika.at\/bs\/wp-json\/wp\/v2\/pages\/1993\/revisions\/1994"}],"wp:attachment":[{"href":"https:\/\/www.lexika.at\/bs\/wp-json\/wp\/v2\/media?parent=1993"}],"curies":[{"name":"wp","href":"https:\/\/api.w.org\/{rel}","templated":true}]}}